{"id":9732,"date":"2025-11-22T14:49:54","date_gmt":"2025-11-22T14:49:54","guid":{"rendered":"https:\/\/natation.ch\/product\/fastskin-pure-focus-mirror\/"},"modified":"2026-01-14T15:16:37","modified_gmt":"2026-01-14T15:16:37","slug":"fastskin-pure-focus-mirror","status":"publish","type":"product","link":"https:\/\/natation.ch\/de\/produkt\/fastskin-pure-focus-mirror\/","title":{"rendered":"Fastskin Pure Focus Mirror"},"content":{"rendered":"<ul>\n<li>5 % reduzierter Wasserwiderstand im Vergleich zum Speedo Fastskin Elite<\/li>\n<li>\u00dcberlegene Anti-Fog-Technologie f\u00fcr 2x l\u00e4ngere klare Sicht<\/li>\n<li>Neues Hybrid-Nasenbr\u00fcckendesign f\u00fcr verbesserten Komfort und Haltbarkeit<\/li>\n<li>IQfit\u2122 3D-Dichtungsring f\u00fcr eine auslaufsichere, sichere Passform und weniger Abdr\u00fccke um die Augen<\/li>\n<li>IQfit\u2122-Brillenband mit patentierter Spannungsskala f\u00fcr eine einzigartige und pers\u00f6nliche Passform<\/li>\n<li>Passpunktmarkierungen f\u00fcr die pr\u00e4zise Ausrichtung von Fastskin-Brille und -Kappe durch Ber\u00fchrung vor einem Wettkampf<\/li>\n<\/ul>\n","protected":false},"excerpt":{"rendered":"<p>Speedo<\/p>\n<p>Die Fastskin Pure Focus Mirror Schwimmbrille wurde in Zusammenarbeit mit den weltbesten Athleten entwickelt und bietet eine Reduzierung des Wasserwiderstands um 5 % gegen\u00fcber der Fastskin Elite. Damit ist sie unsere fortschrittlichste und schnellste Wettkampfbrille aller Zeiten. Innovative Designmerkmale gew\u00e4hrleisten die ultimative Synergie aus Geschwindigkeit, Leistung und Stil. Vollst\u00e4ndig von der FINA zugelassen.  <\/p>\n","protected":false},"featured_media":306,"comment_status":"closed","ping_status":"closed","template":"","meta":[],"product_brand":[330],"product_cat":[73,76],"product_tag":[],"class_list":{"0":"post-9732","1":"product","2":"type-product","3":"status-publish","4":"has-post-thumbnail","6":"product_brand-speedo","7":"product_cat-equipment","8":"product_cat-schwimbrille","10":"first","11":"instock","12":"sale","13":"shipping-taxable","14":"purchasable","15":"product-type-variable"},"_links":{"self":[{"href":"https:\/\/natation.ch\/de\/wp-json\/wp\/v2\/product\/9732","targetHints":{"allow":["GET"]}}],"collection":[{"href":"https:\/\/natation.ch\/de\/wp-json\/wp\/v2\/product"}],"about":[{"href":"https:\/\/natation.ch\/de\/wp-json\/wp\/v2\/types\/product"}],"replies":[{"embeddable":true,"href":"https:\/\/natation.ch\/de\/wp-json\/wp\/v2\/comments?post=9732"}],"wp:featuredmedia":[{"embeddable":true,"href":"https:\/\/natation.ch\/de\/wp-json\/wp\/v2\/media\/306"}],"wp:attachment":[{"href":"https:\/\/natation.ch\/de\/wp-json\/wp\/v2\/media?parent=9732"}],"wp:term":[{"taxonomy":"product_brand","embeddable":true,"href":"https:\/\/natation.ch\/de\/wp-json\/wp\/v2\/product_brand?post=9732"},{"taxonomy":"product_cat","embeddable":true,"href":"https:\/\/natation.ch\/de\/wp-json\/wp\/v2\/product_cat?post=9732"},{"taxonomy":"product_tag","embeddable":true,"href":"https:\/\/natation.ch\/de\/wp-json\/wp\/v2\/product_tag?post=9732"}],"curies":[{"name":"wp","href":"https:\/\/api.w.org\/{rel}","templated":true}]}}