{"id":9716,"date":"2025-11-22T14:49:54","date_gmt":"2025-11-22T14:49:54","guid":{"rendered":"https:\/\/natation.ch\/product\/neopren-badekappe\/"},"modified":"2025-11-22T14:49:54","modified_gmt":"2025-11-22T14:49:54","slug":"neopren-badekappe","status":"publish","type":"product","link":"https:\/\/natation.ch\/de\/produkt\/neopren-badekappe\/","title":{"rendered":"Neopren-Badekappe"},"content":{"rendered":"<p>Die Badekappe ist perfekt, um den W\u00e4rmeverlust \u00fcber Ihren Kopf zu reduzieren, sodass Sie sich im Wasser wohlf\u00fchlen k\u00f6nnen, ohne Kinnriemen. Die Kappe wird durch einen Klettverschluss an der R\u00fcckseite gehalten, sodass Sie sie f\u00fcr die perfekte Passform einstellen k\u00f6nnen, ohne potenzielle Beschwerden unter dem Kinn. <\/p>\n","protected":false},"excerpt":{"rendered":"<p>Orca<\/p>\n<p>Die Badekappe ist perfekt, um den W\u00e4rmeverlust \u00fcber Ihren Kopf zu reduzieren, sodass Sie sich im Wasser wohlf\u00fchlen k\u00f6nnen, ohne Kinnriemen. Die Kappe wird durch einen Klettverschluss an der R\u00fcckseite gehalten, sodass Sie sie f\u00fcr die perfekte Passform einstellen k\u00f6nnen, ohne potenzielle Beschwerden unter dem Kinn. <\/p>\n","protected":false},"featured_media":274,"comment_status":"closed","ping_status":"closed","template":"","meta":[],"product_brand":[331],"product_cat":[64,58],"product_tag":[],"class_list":{"0":"post-9716","1":"product","2":"type-product","3":"status-publish","4":"has-post-thumbnail","6":"product_brand-orca","7":"product_cat-kappen","8":"product_cat-zubehor","9":"product_shipping_class-petitarticle","11":"first","12":"instock","13":"shipping-taxable","14":"purchasable","15":"product-type-variable"},"_links":{"self":[{"href":"https:\/\/natation.ch\/de\/wp-json\/wp\/v2\/product\/9716","targetHints":{"allow":["GET"]}}],"collection":[{"href":"https:\/\/natation.ch\/de\/wp-json\/wp\/v2\/product"}],"about":[{"href":"https:\/\/natation.ch\/de\/wp-json\/wp\/v2\/types\/product"}],"replies":[{"embeddable":true,"href":"https:\/\/natation.ch\/de\/wp-json\/wp\/v2\/comments?post=9716"}],"wp:featuredmedia":[{"embeddable":true,"href":"https:\/\/natation.ch\/de\/wp-json\/wp\/v2\/media\/274"}],"wp:attachment":[{"href":"https:\/\/natation.ch\/de\/wp-json\/wp\/v2\/media?parent=9716"}],"wp:term":[{"taxonomy":"product_brand","embeddable":true,"href":"https:\/\/natation.ch\/de\/wp-json\/wp\/v2\/product_brand?post=9716"},{"taxonomy":"product_cat","embeddable":true,"href":"https:\/\/natation.ch\/de\/wp-json\/wp\/v2\/product_cat?post=9716"},{"taxonomy":"product_tag","embeddable":true,"href":"https:\/\/natation.ch\/de\/wp-json\/wp\/v2\/product_tag?post=9716"}],"curies":[{"name":"wp","href":"https:\/\/api.w.org\/{rel}","templated":true}]}}