{"id":9646,"date":"2025-11-22T14:49:54","date_gmt":"2025-11-22T14:49:54","guid":{"rendered":"https:\/\/natation.ch\/product\/neopren-shorts\/"},"modified":"2025-11-22T14:49:54","modified_gmt":"2025-11-22T14:49:54","slug":"neopren-shorts","status":"publish","type":"product","link":"https:\/\/natation.ch\/de\/produkt\/neopren-shorts\/","title":{"rendered":"Neopren-Shorts"},"content":{"rendered":"<div class=\"lista\">\n<p><strong>ERH\u00d6HTER AUFTRIEB<\/strong><\/p>\n<p>Diese 4 mm dicken Shorts verf\u00fcgen \u00fcber Aerodome-Eins\u00e4tze, die dem Schwimmer 30 % mehr Auftrieb verleihen.<\/p>\n<p><strong>FLEXIBILIT\u00c4T<\/strong><\/p>\n<p>Die Seiteneins\u00e4tze bieten die n\u00f6tige Flexibilit\u00e4t, um Sie bei der Rotation zu unterst\u00fctzen und Bewegungsfreiheit zu gew\u00e4hrleisten.<\/p>\n<p><strong>KOMFORT<\/strong><\/p>\n<p>Die verstellbare Taille erm\u00f6glicht es Ihnen, diese Shorts f\u00fcr eine perfekte Passform anzupassen.<\/p>\n<\/div>\n","protected":false},"excerpt":{"rendered":"<p>Orca<\/p>\n<p>Unisex<\/p>\n<p>Die neuen Neopren-Shorts bieten dank der neuen Aerodome-Eins\u00e4tze noch mehr Auftrieb als fr\u00fchere Versionen. Das Zubeh\u00f6r, das Sie ben\u00f6tigen, um eine korrekte Positionierung im Wasser zu erreichen und Ihre Schwimmtechnik zu verbessern. <\/p>\n","protected":false},"featured_media":270,"comment_status":"closed","ping_status":"closed","template":"","meta":[],"product_brand":[331],"product_cat":[104,116],"product_tag":[],"class_list":{"0":"post-9646","1":"product","2":"type-product","3":"status-publish","4":"has-post-thumbnail","6":"product_brand-orca","7":"product_cat-badeanzuege","8":"product_cat-manner","10":"first","11":"instock","12":"shipping-taxable","13":"purchasable","14":"product-type-variable"},"_links":{"self":[{"href":"https:\/\/natation.ch\/de\/wp-json\/wp\/v2\/product\/9646","targetHints":{"allow":["GET"]}}],"collection":[{"href":"https:\/\/natation.ch\/de\/wp-json\/wp\/v2\/product"}],"about":[{"href":"https:\/\/natation.ch\/de\/wp-json\/wp\/v2\/types\/product"}],"replies":[{"embeddable":true,"href":"https:\/\/natation.ch\/de\/wp-json\/wp\/v2\/comments?post=9646"}],"wp:featuredmedia":[{"embeddable":true,"href":"https:\/\/natation.ch\/de\/wp-json\/wp\/v2\/media\/270"}],"wp:attachment":[{"href":"https:\/\/natation.ch\/de\/wp-json\/wp\/v2\/media?parent=9646"}],"wp:term":[{"taxonomy":"product_brand","embeddable":true,"href":"https:\/\/natation.ch\/de\/wp-json\/wp\/v2\/product_brand?post=9646"},{"taxonomy":"product_cat","embeddable":true,"href":"https:\/\/natation.ch\/de\/wp-json\/wp\/v2\/product_cat?post=9646"},{"taxonomy":"product_tag","embeddable":true,"href":"https:\/\/natation.ch\/de\/wp-json\/wp\/v2\/product_tag?post=9646"}],"curies":[{"name":"wp","href":"https:\/\/api.w.org\/{rel}","templated":true}]}}