{"id":9625,"date":"2025-11-22T14:49:53","date_gmt":"2025-11-22T14:49:53","guid":{"rendered":"https:\/\/natation.ch\/product\/mesh-bag\/"},"modified":"2025-11-22T14:49:53","modified_gmt":"2025-11-22T14:49:53","slug":"mesh-bag","status":"publish","type":"product","link":"https:\/\/natation.ch\/de\/produkt\/mesh-bag\/","title":{"rendered":"Mesh bag"},"content":{"rendered":"<p>Diese Netztasche ist praktisch zum Transport Ihrer Schwimmutensilien und verf\u00fcgt zudem \u00fcber eine wasserdichte Rei\u00dfverschlusstasche auf der R\u00fcckseite zum Schutz Ihrer Wertsachen. Diese vielseitige Tasche mit Kordelzugverschluss sowie wasserdichtem Boden und R\u00fcckenpanel sch\u00fctzt Ihren R\u00fccken vor Wasser, w\u00e4hrend drei \u00d6sen-Ablauf\u00f6ffnungen \u00fcbersch\u00fcssiges Wasser am Boden der Tasche abflie\u00dfen lassen. Ma\u00dfe: 42 x 56 cm.  <\/p>\n","protected":false},"excerpt":{"rendered":"<p>Orca<\/p>\n<p>Diese Netztasche ist praktisch zum Transport Ihrer Schwimmutensilien und verf\u00fcgt zudem \u00fcber eine wasserdichte Rei\u00dfverschlusstasche auf der R\u00fcckseite zum Schutz Ihrer Wertsachen. Diese vielseitige Tasche mit Kordelzugverschluss sowie wasserdichtem Boden und R\u00fcckenpanel sch\u00fctzt Ihren R\u00fccken vor Wasser, w\u00e4hrend drei \u00d6sen-Ablauf\u00f6ffnungen \u00fcbersch\u00fcssiges Wasser am Boden der Tasche abflie\u00dfen lassen. Ma\u00dfe: 42 x 56 cm.  <\/p>\n","protected":false},"featured_media":266,"comment_status":"closed","ping_status":"closed","template":"","meta":[],"product_brand":[331],"product_cat":[62,58],"product_tag":[],"class_list":{"0":"post-9625","1":"product","2":"type-product","3":"status-publish","4":"has-post-thumbnail","6":"product_brand-orca","7":"product_cat-taschen","8":"product_cat-zubehor","9":"product_shipping_class-petitarticle","11":"first","12":"instock","13":"shipping-taxable","14":"purchasable","15":"product-type-simple"},"_links":{"self":[{"href":"https:\/\/natation.ch\/de\/wp-json\/wp\/v2\/product\/9625","targetHints":{"allow":["GET"]}}],"collection":[{"href":"https:\/\/natation.ch\/de\/wp-json\/wp\/v2\/product"}],"about":[{"href":"https:\/\/natation.ch\/de\/wp-json\/wp\/v2\/types\/product"}],"replies":[{"embeddable":true,"href":"https:\/\/natation.ch\/de\/wp-json\/wp\/v2\/comments?post=9625"}],"wp:featuredmedia":[{"embeddable":true,"href":"https:\/\/natation.ch\/de\/wp-json\/wp\/v2\/media\/266"}],"wp:attachment":[{"href":"https:\/\/natation.ch\/de\/wp-json\/wp\/v2\/media?parent=9625"}],"wp:term":[{"taxonomy":"product_brand","embeddable":true,"href":"https:\/\/natation.ch\/de\/wp-json\/wp\/v2\/product_brand?post=9625"},{"taxonomy":"product_cat","embeddable":true,"href":"https:\/\/natation.ch\/de\/wp-json\/wp\/v2\/product_cat?post=9625"},{"taxonomy":"product_tag","embeddable":true,"href":"https:\/\/natation.ch\/de\/wp-json\/wp\/v2\/product_tag?post=9625"}],"curies":[{"name":"wp","href":"https:\/\/api.w.org\/{rel}","templated":true}]}}