{"id":9622,"date":"2025-11-22T14:49:55","date_gmt":"2025-11-22T14:49:55","guid":{"rendered":"https:\/\/natation.ch\/product\/tempo-trainer\/"},"modified":"2026-01-04T20:33:10","modified_gmt":"2026-01-04T20:33:10","slug":"tempo-trainer","status":"publish","type":"product","link":"https:\/\/natation.ch\/de\/produkt\/tempo-trainer\/","title":{"rendered":"Tempo Trainer"},"content":{"rendered":"<div class=\"col-sm-6 fab-left-column\">\n<div class=\"fab-left\">\n<div class=\"col-sm-12\">\n<ul>\n<li>Erzeugt einen h\u00f6rbaren Piepton, der im und au\u00dferhalb des Wassers laut genug ist<\/li>\n<li>Tempo einstellbar bis auf 1\/100 Sekunde<\/li>\n<li>Durch die geringe, praktische Gr\u00f6\u00dfe l\u00e4sst er sich leicht unter einer Badekappe oder Schwimmbrille befestigen<\/li>\n<li>Getestet f\u00fcr eine Leistung in einer Tiefe von 10 Metern<\/li>\n<li>Die automatische Abschaltfunktion spart Batterielebensdauer<\/li>\n<\/ul>\n<\/div>\n<\/div>\n<\/div>\n","protected":false},"excerpt":{"rendered":"<p>Das kleine, wasserdichte Ger\u00e4t l\u00e4sst sich einfach unter einer Badekappe befestigen und \u00fcbertr\u00e4gt einen h\u00f6rbaren Tempo-Piepton. Das einstellbare Tempo bietet die M\u00f6glichkeit, ein ideales Tempo zu erkennen und beizubehalten. Da die Batterie jetzt ausgetauscht werden kann, h\u00e4lt der Tempo Trainer Pro ein Leben lang. Drei verschiedene Trainingsmodi bieten ultimative Anpassungsm\u00f6glichkeiten. Der Tempo Trainer Pro enth\u00e4lt einen Clip f\u00fcr Trocken\u00fcbungen.<\/p>\n<p>Finis<\/p>\n","protected":false},"featured_media":318,"comment_status":"closed","ping_status":"closed","template":"","meta":[],"product_brand":[327],"product_cat":[83,73],"product_tag":[],"class_list":{"0":"post-9622","1":"product","2":"type-product","3":"status-publish","4":"has-post-thumbnail","6":"product_brand-finis","7":"product_cat-andere-ausruestung","8":"product_cat-equipment","9":"product_shipping_class-petitarticle","11":"first","12":"instock","13":"shipping-taxable","14":"purchasable","15":"product-type-simple"},"_links":{"self":[{"href":"https:\/\/natation.ch\/de\/wp-json\/wp\/v2\/product\/9622","targetHints":{"allow":["GET"]}}],"collection":[{"href":"https:\/\/natation.ch\/de\/wp-json\/wp\/v2\/product"}],"about":[{"href":"https:\/\/natation.ch\/de\/wp-json\/wp\/v2\/types\/product"}],"replies":[{"embeddable":true,"href":"https:\/\/natation.ch\/de\/wp-json\/wp\/v2\/comments?post=9622"}],"wp:featuredmedia":[{"embeddable":true,"href":"https:\/\/natation.ch\/de\/wp-json\/wp\/v2\/media\/318"}],"wp:attachment":[{"href":"https:\/\/natation.ch\/de\/wp-json\/wp\/v2\/media?parent=9622"}],"wp:term":[{"taxonomy":"product_brand","embeddable":true,"href":"https:\/\/natation.ch\/de\/wp-json\/wp\/v2\/product_brand?post=9622"},{"taxonomy":"product_cat","embeddable":true,"href":"https:\/\/natation.ch\/de\/wp-json\/wp\/v2\/product_cat?post=9622"},{"taxonomy":"product_tag","embeddable":true,"href":"https:\/\/natation.ch\/de\/wp-json\/wp\/v2\/product_tag?post=9622"}],"curies":[{"name":"wp","href":"https:\/\/api.w.org\/{rel}","templated":true}]}}