{"id":9484,"date":"2025-11-22T14:49:55","date_gmt":"2025-11-22T14:49:55","guid":{"rendered":"https:\/\/natation.ch\/product\/powerfin\/"},"modified":"2025-11-22T14:49:55","modified_gmt":"2025-11-22T14:49:55","slug":"powerfin","status":"publish","type":"product","link":"https:\/\/natation.ch\/de\/produkt\/powerfin\/","title":{"rendered":"Powerfin"},"content":{"rendered":"<p>Trainingsflossen f\u00fcr Schwimmer. Mit diesen kurzen Flossen ist eine korrekte Arm-Bein-Koordination m\u00f6glich. <\/p>\n<p>Au\u00dferdem k\u00f6nnen Sie eine h\u00f6here Geschwindigkeit erreichen und die verschiedenen Positionen bei maximaler Geschwindigkeit kennenlernen. Die pfeilartige Form sorgt f\u00fcr die korrekte Fu\u00dfposition. <\/p>\n<p>Neben dem Schwimmen werden diese Flossen auch zum Schnorcheln empfohlen.<\/p>\n","protected":false},"excerpt":{"rendered":"<p>Arena<\/p>\n<p>Trainingsflossen f\u00fcr Schwimmer. Mit diesen kurzen Flossen ist eine korrekte Arm-Bein-Koordination m\u00f6glich. <\/p>\n<p>Au\u00dferdem k\u00f6nnen Sie eine h\u00f6here Geschwindigkeit erreichen und die verschiedenen Positionen bei maximaler Geschwindigkeit kennenlernen. Die pfeilartige Form sorgt f\u00fcr die korrekte Fu\u00dfposition. <\/p>\n<p>Neben dem Schwimmen werden diese Flossen auch zum Schnorcheln empfohlen.<\/p>\n","protected":false},"featured_media":314,"comment_status":"closed","ping_status":"closed","template":"","meta":[],"product_brand":[329],"product_cat":[73,334],"product_tag":[],"class_list":{"0":"post-9484","1":"product","2":"type-product","3":"status-publish","4":"has-post-thumbnail","6":"product_brand-arena","7":"product_cat-equipment","8":"product_cat-flossen","10":"first","11":"instock","12":"shipping-taxable","13":"purchasable","14":"product-type-variable"},"_links":{"self":[{"href":"https:\/\/natation.ch\/de\/wp-json\/wp\/v2\/product\/9484","targetHints":{"allow":["GET"]}}],"collection":[{"href":"https:\/\/natation.ch\/de\/wp-json\/wp\/v2\/product"}],"about":[{"href":"https:\/\/natation.ch\/de\/wp-json\/wp\/v2\/types\/product"}],"replies":[{"embeddable":true,"href":"https:\/\/natation.ch\/de\/wp-json\/wp\/v2\/comments?post=9484"}],"wp:featuredmedia":[{"embeddable":true,"href":"https:\/\/natation.ch\/de\/wp-json\/wp\/v2\/media\/314"}],"wp:attachment":[{"href":"https:\/\/natation.ch\/de\/wp-json\/wp\/v2\/media?parent=9484"}],"wp:term":[{"taxonomy":"product_brand","embeddable":true,"href":"https:\/\/natation.ch\/de\/wp-json\/wp\/v2\/product_brand?post=9484"},{"taxonomy":"product_cat","embeddable":true,"href":"https:\/\/natation.ch\/de\/wp-json\/wp\/v2\/product_cat?post=9484"},{"taxonomy":"product_tag","embeddable":true,"href":"https:\/\/natation.ch\/de\/wp-json\/wp\/v2\/product_tag?post=9484"}],"curies":[{"name":"wp","href":"https:\/\/api.w.org\/{rel}","templated":true}]}}