{"id":9470,"date":"2025-11-22T14:50:15","date_gmt":"2025-11-22T14:50:15","guid":{"rendered":"https:\/\/natation.ch\/product\/biofuse-maske-junior\/"},"modified":"2025-11-22T14:50:15","modified_gmt":"2025-11-22T14:50:15","slug":"biofuse-maske-junior","status":"publish","type":"product","link":"https:\/\/natation.ch\/de\/produkt\/biofuse-maske-junior\/","title":{"rendered":"Biofuse Maske Junior"},"content":{"rendered":"<p>Diese Kindermaske ist eine gro\u00dfartige Einf\u00fchrung in das Tragen von Schwimmbrillen und bei M\u00fcttern sehr beliebt. Die weichen Riemen und der Klettverschluss erleichtern das An- und Ausziehen. Die Maske ist bequem und einfach zu verstellen, sodass sich die Kleinen darauf konzentrieren k\u00f6nnen, Spa\u00df im Wasser zu haben.<\/p>\n","protected":false},"excerpt":{"rendered":"<p>Speedo<\/p>\n<p>2-6 Jahre<\/p>\n","protected":false},"featured_media":9465,"comment_status":"closed","ping_status":"closed","template":"","meta":[],"product_brand":[330],"product_cat":[73,76],"product_tag":[],"class_list":{"0":"post-9470","1":"product","2":"type-product","3":"status-publish","4":"has-post-thumbnail","6":"product_brand-speedo","7":"product_cat-equipment","8":"product_cat-schwimbrille","10":"first","11":"instock","12":"shipping-taxable","13":"purchasable","14":"product-type-variable"},"_links":{"self":[{"href":"https:\/\/natation.ch\/de\/wp-json\/wp\/v2\/product\/9470","targetHints":{"allow":["GET"]}}],"collection":[{"href":"https:\/\/natation.ch\/de\/wp-json\/wp\/v2\/product"}],"about":[{"href":"https:\/\/natation.ch\/de\/wp-json\/wp\/v2\/types\/product"}],"replies":[{"embeddable":true,"href":"https:\/\/natation.ch\/de\/wp-json\/wp\/v2\/comments?post=9470"}],"wp:featuredmedia":[{"embeddable":true,"href":"https:\/\/natation.ch\/de\/wp-json\/wp\/v2\/media\/9465"}],"wp:attachment":[{"href":"https:\/\/natation.ch\/de\/wp-json\/wp\/v2\/media?parent=9470"}],"wp:term":[{"taxonomy":"product_brand","embeddable":true,"href":"https:\/\/natation.ch\/de\/wp-json\/wp\/v2\/product_brand?post=9470"},{"taxonomy":"product_cat","embeddable":true,"href":"https:\/\/natation.ch\/de\/wp-json\/wp\/v2\/product_cat?post=9470"},{"taxonomy":"product_tag","embeddable":true,"href":"https:\/\/natation.ch\/de\/wp-json\/wp\/v2\/product_tag?post=9470"}],"curies":[{"name":"wp","href":"https:\/\/api.w.org\/{rel}","templated":true}]}}