{"id":9237,"date":"2025-11-22T14:49:53","date_gmt":"2025-11-22T14:49:53","guid":{"rendered":"https:\/\/natation.ch\/product\/knoechelband\/"},"modified":"2026-01-04T20:34:46","modified_gmt":"2026-01-04T20:34:46","slug":"knoechelband","status":"publish","type":"product","link":"https:\/\/natation.ch\/de\/produkt\/knoechelband\/","title":{"rendered":"Kn\u00f6chelband"},"content":{"rendered":"<p>Das Kn\u00f6chelband f\u00fcr Zug\u00fcbungen ist ein Gummiband, das um die Kn\u00f6chel getragen wird, um das Beinschwimmen zu unterbinden. Idealerweise wird das Kn\u00f6chelband f\u00fcr Zug\u00fcbungen zusammen mit der Schaumstoff-Zugboje verwendet. Es h\u00e4lt die Kn\u00f6chel zusammen und verlagert den Fokus auf den Aufbau von Oberk\u00f6rperkraft. Das Kn\u00f6chelband f\u00fcr Zug\u00fcbungen ist in einer Universalgr\u00f6\u00dfe erh\u00e4ltlich, die f\u00fcr alle Kn\u00f6chel passt.<\/p>\n","protected":false},"excerpt":{"rendered":"<p>Das Kn\u00f6chelband f\u00fcr Zug\u00fcbungen ist ein Gummiband, das um die Kn\u00f6chel getragen wird, um das Beinschwimmen zu unterbinden. Idealerweise wird das Kn\u00f6chelband f\u00fcr Zug\u00fcbungen zusammen mit der Schaumstoff-Zugboje verwendet. Es h\u00e4lt die Kn\u00f6chel zusammen und verlagert den Fokus auf den Aufbau von Oberk\u00f6rperkraft. Das Kn\u00f6chelband f\u00fcr Zug\u00fcbungen ist in einer Universalgr\u00f6\u00dfe erh\u00e4ltlich, die f\u00fcr alle Kn\u00f6chel passt.<\/p>\n<p>Finis<\/p>\n","protected":false},"featured_media":250,"comment_status":"closed","ping_status":"closed","template":"","meta":[],"product_brand":[327],"product_cat":[83,73],"product_tag":[],"class_list":{"0":"post-9237","1":"product","2":"type-product","3":"status-publish","4":"has-post-thumbnail","6":"product_brand-finis","7":"product_cat-andere-ausruestung","8":"product_cat-equipment","9":"product_shipping_class-petitarticle","11":"first","12":"instock","13":"shipping-taxable","14":"purchasable","15":"product-type-simple"},"_links":{"self":[{"href":"https:\/\/natation.ch\/de\/wp-json\/wp\/v2\/product\/9237","targetHints":{"allow":["GET"]}}],"collection":[{"href":"https:\/\/natation.ch\/de\/wp-json\/wp\/v2\/product"}],"about":[{"href":"https:\/\/natation.ch\/de\/wp-json\/wp\/v2\/types\/product"}],"replies":[{"embeddable":true,"href":"https:\/\/natation.ch\/de\/wp-json\/wp\/v2\/comments?post=9237"}],"wp:featuredmedia":[{"embeddable":true,"href":"https:\/\/natation.ch\/de\/wp-json\/wp\/v2\/media\/250"}],"wp:attachment":[{"href":"https:\/\/natation.ch\/de\/wp-json\/wp\/v2\/media?parent=9237"}],"wp:term":[{"taxonomy":"product_brand","embeddable":true,"href":"https:\/\/natation.ch\/de\/wp-json\/wp\/v2\/product_brand?post=9237"},{"taxonomy":"product_cat","embeddable":true,"href":"https:\/\/natation.ch\/de\/wp-json\/wp\/v2\/product_cat?post=9237"},{"taxonomy":"product_tag","embeddable":true,"href":"https:\/\/natation.ch\/de\/wp-json\/wp\/v2\/product_tag?post=9237"}],"curies":[{"name":"wp","href":"https:\/\/api.w.org\/{rel}","templated":true}]}}