{"id":9224,"date":"2025-11-22T14:50:16","date_gmt":"2025-11-22T14:50:16","guid":{"rendered":"https:\/\/natation.ch\/product\/zoomers-gold\/"},"modified":"2026-01-04T20:29:32","modified_gmt":"2026-01-04T20:29:32","slug":"zoomers-gold","status":"publish","type":"product","link":"https:\/\/natation.ch\/de\/produkt\/zoomers-gold\/","title":{"rendered":"Zoomers Gold"},"content":{"rendered":"<div class=\"col-sm-6 fab-left-column\">\n<div class=\"fab-left\">\n<div class=\"col-sm-12\">\n<ul>\n<li>Das Flossenblatt ist auf den nat\u00fcrlichen Winkel des Fu\u00dfes ausgerichtet und f\u00f6rdert einen korrekten Kick<\/li>\n<li>Ideal f\u00fcr Fitness- und Wettkampfschwimmer zum Aufbau von Herz-Kreislauf-Kondition<\/li>\n<li>Erh\u00f6ht die Flexibilit\u00e4t und den Bewegungsumfang f\u00fcr einen effizienteren Kick<\/li>\n<li>F\u00f6rdert k\u00fcrzere und schnellere Kicks und erzeugt gleichzeitig Vortrieb durch das Wasser<\/li>\n<li>Hergestellt aus weichem Naturkautschuk f\u00fcr erh\u00f6hten Komfort und einen sicheren Sitz<\/li>\n<\/ul>\n<\/div>\n<\/div>\n<\/div>\n","protected":false},"excerpt":{"rendered":"<div id=\"item-details-content-container-2\" class=\"col-sm-6 product-details-right\">\n<p class=\"p1\">Die Zoomers\u00ae Gold Flossen bieten eine verbesserte Fu\u00dftasche aus weichem Naturkautschuk f\u00fcr erh\u00f6hten Komfort. Das kurze Blatt f\u00f6rdert k\u00fcrzere, schnellere Kicks f\u00fcr zus\u00e4tzlichen Vortrieb durch das Wasser. Die Zoomers\u00ae Gold Flossen sind eine ideale Trainingsflosse f\u00fcr Herz-Kreislauf-Konditionierung und Schnelligkeitstraining.<\/p>\n<p>Finis<\/p>\n<\/div>\n","protected":false},"featured_media":413,"comment_status":"closed","ping_status":"closed","template":"","meta":[],"product_brand":[327],"product_cat":[73,334],"product_tag":[],"class_list":{"0":"post-9224","1":"product","2":"type-product","3":"status-publish","4":"has-post-thumbnail","6":"product_brand-finis","7":"product_cat-equipment","8":"product_cat-flossen","10":"first","11":"instock","12":"shipping-taxable","13":"purchasable","14":"product-type-variable"},"_links":{"self":[{"href":"https:\/\/natation.ch\/de\/wp-json\/wp\/v2\/product\/9224","targetHints":{"allow":["GET"]}}],"collection":[{"href":"https:\/\/natation.ch\/de\/wp-json\/wp\/v2\/product"}],"about":[{"href":"https:\/\/natation.ch\/de\/wp-json\/wp\/v2\/types\/product"}],"replies":[{"embeddable":true,"href":"https:\/\/natation.ch\/de\/wp-json\/wp\/v2\/comments?post=9224"}],"wp:featuredmedia":[{"embeddable":true,"href":"https:\/\/natation.ch\/de\/wp-json\/wp\/v2\/media\/413"}],"wp:attachment":[{"href":"https:\/\/natation.ch\/de\/wp-json\/wp\/v2\/media?parent=9224"}],"wp:term":[{"taxonomy":"product_brand","embeddable":true,"href":"https:\/\/natation.ch\/de\/wp-json\/wp\/v2\/product_brand?post=9224"},{"taxonomy":"product_cat","embeddable":true,"href":"https:\/\/natation.ch\/de\/wp-json\/wp\/v2\/product_cat?post=9224"},{"taxonomy":"product_tag","embeddable":true,"href":"https:\/\/natation.ch\/de\/wp-json\/wp\/v2\/product_tag?post=9224"}],"curies":[{"name":"wp","href":"https:\/\/api.w.org\/{rel}","templated":true}]}}