{"id":9216,"date":"2025-11-22T14:50:16","date_gmt":"2025-11-22T14:50:16","guid":{"rendered":"https:\/\/natation.ch\/product\/bolster-paddle\/"},"modified":"2026-01-04T20:28:03","modified_gmt":"2026-01-04T20:28:03","slug":"bolster-paddle","status":"publish","type":"product","link":"https:\/\/natation.ch\/de\/produkt\/bolster-paddle\/","title":{"rendered":"Bolster-Paddle"},"content":{"rendered":"<div class=\"col-sm-6 fab-left-column\">\n<div class=\"fab-left\">\n<div class=\"col-sm-12\">\n<ul>\n<li>F\u00f6rdert eine fr\u00fche vertikale Unterarmposition (EVF) und erh\u00f6ht die Zugeffizienz<\/li>\n<li>Erzeugt und erh\u00e4lt eine l\u00e4ngere Spitzengeschwindigkeit w\u00e4hrend der Kraftphase des Zuges<\/li>\n<li>Ein einfach verstellbarer Klettverschluss h\u00e4lt das Handgelenk bequem an Ort und Stelle<\/li>\n<li>Erfordert einen hohen Catch durch Anheben des Ellbogens, ideal f\u00fcr Freiwasser- und Triathlon-Training<\/li>\n<li>Vielseitiges Werkzeug f\u00fcr Schmetterling, R\u00fccken, Brust und Freistil<\/li>\n<\/ul>\n<\/div>\n<\/div>\n<\/div>\n","protected":false},"excerpt":{"rendered":"<p>Die Bolster-Paddles entwickeln eine fr\u00fche vertikale Unterarmposition (EVF) und erh\u00f6hen die Zugeffizienz. Eine EVF-Position nutzt den gesamten Unterarm w\u00e4hrend des Zugs und erzeugt eine gleichm\u00e4\u00dfige Krafteinwirkung von den Fingerspitzen bis zum Ellbogen. Dies erzeugt und erh\u00e4lt eine l\u00e4ngere Spitzengeschwindigkeit w\u00e4hrend der Kraftphase des Zuges. Gleichzeitig werden neuronale Bahnen f\u00fcr strokespezifische Kraft gebahnt. Die korrekte Verfeinerung des Zugs wird durch das Muskelged\u00e4chtnis der richtigen Hand-, Handgelenk- und Unterarmposition gef\u00f6rdert. Die Bolster-Paddles sind ein vielseitiges Werkzeug f\u00fcr alle vier Schwimmstile.<\/p>\n<p>Finis<\/p>\n","protected":false},"featured_media":409,"comment_status":"closed","ping_status":"closed","template":"","meta":[],"product_brand":[327],"product_cat":[73,86],"product_tag":[],"class_list":{"0":"post-9216","1":"product","2":"type-product","3":"status-publish","4":"has-post-thumbnail","6":"product_brand-finis","7":"product_cat-equipment","8":"product_cat-paddle","10":"first","11":"instock","12":"shipping-taxable","13":"purchasable","14":"product-type-simple"},"_links":{"self":[{"href":"https:\/\/natation.ch\/de\/wp-json\/wp\/v2\/product\/9216","targetHints":{"allow":["GET"]}}],"collection":[{"href":"https:\/\/natation.ch\/de\/wp-json\/wp\/v2\/product"}],"about":[{"href":"https:\/\/natation.ch\/de\/wp-json\/wp\/v2\/types\/product"}],"replies":[{"embeddable":true,"href":"https:\/\/natation.ch\/de\/wp-json\/wp\/v2\/comments?post=9216"}],"wp:featuredmedia":[{"embeddable":true,"href":"https:\/\/natation.ch\/de\/wp-json\/wp\/v2\/media\/409"}],"wp:attachment":[{"href":"https:\/\/natation.ch\/de\/wp-json\/wp\/v2\/media?parent=9216"}],"wp:term":[{"taxonomy":"product_brand","embeddable":true,"href":"https:\/\/natation.ch\/de\/wp-json\/wp\/v2\/product_brand?post=9216"},{"taxonomy":"product_cat","embeddable":true,"href":"https:\/\/natation.ch\/de\/wp-json\/wp\/v2\/product_cat?post=9216"},{"taxonomy":"product_tag","embeddable":true,"href":"https:\/\/natation.ch\/de\/wp-json\/wp\/v2\/product_tag?post=9216"}],"curies":[{"name":"wp","href":"https:\/\/api.w.org\/{rel}","templated":true}]}}