{"id":9162,"date":"2025-11-22T14:50:16","date_gmt":"2025-11-22T14:50:16","guid":{"rendered":"https:\/\/natation.ch\/product\/schwimmkappe-fuer-langes-haar\/"},"modified":"2026-01-06T15:28:13","modified_gmt":"2026-01-06T15:28:13","slug":"schwimmkappe-fuer-langes-haar","status":"publish","type":"product","link":"https:\/\/natation.ch\/de\/produkt\/schwimmkappe-fuer-langes-haar\/","title":{"rendered":"Schwimmkappe f\u00fcr langes Haar"},"content":{"rendered":"<p>&#8216;<br \/>\nGut f\u00fcr mittellanges bis langes Haar<br \/>\nBietet hervorragenden Komfort und Passform<br \/>\nHydrodynamisch \u2013 die Kappe hilft, ein glattes Profil im Wasser zu erzeugen und den Widerstand zu reduzieren<br \/>\nSch\u00fctzt das Haar vor Chlor<\/p>\n","protected":false},"excerpt":{"rendered":"<p>Die Schwimmkappe f\u00fcr langes Haar wurde speziell f\u00fcr Schwimmer mit l\u00e4ngeren Haaren entwickelt. Sie l\u00e4sst sich leicht an- und ausziehen, ohne dass sich Ihr Haar verf\u00e4ngt, und sch\u00fctzt Ihr Haar vor Chlor.<\/p>\n<p>Speedo<\/p>\n","protected":false},"featured_media":376,"comment_status":"closed","ping_status":"closed","template":"","meta":[],"product_brand":[330],"product_cat":[64,58],"product_tag":[],"class_list":{"0":"post-9162","1":"product","2":"type-product","3":"status-publish","4":"has-post-thumbnail","6":"product_brand-speedo","7":"product_cat-kappen","8":"product_cat-zubehor","9":"product_shipping_class-petitarticle","11":"first","12":"instock","13":"shipping-taxable","14":"purchasable","15":"product-type-variable"},"_links":{"self":[{"href":"https:\/\/natation.ch\/de\/wp-json\/wp\/v2\/product\/9162","targetHints":{"allow":["GET"]}}],"collection":[{"href":"https:\/\/natation.ch\/de\/wp-json\/wp\/v2\/product"}],"about":[{"href":"https:\/\/natation.ch\/de\/wp-json\/wp\/v2\/types\/product"}],"replies":[{"embeddable":true,"href":"https:\/\/natation.ch\/de\/wp-json\/wp\/v2\/comments?post=9162"}],"wp:featuredmedia":[{"embeddable":true,"href":"https:\/\/natation.ch\/de\/wp-json\/wp\/v2\/media\/376"}],"wp:attachment":[{"href":"https:\/\/natation.ch\/de\/wp-json\/wp\/v2\/media?parent=9162"}],"wp:term":[{"taxonomy":"product_brand","embeddable":true,"href":"https:\/\/natation.ch\/de\/wp-json\/wp\/v2\/product_brand?post=9162"},{"taxonomy":"product_cat","embeddable":true,"href":"https:\/\/natation.ch\/de\/wp-json\/wp\/v2\/product_cat?post=9162"},{"taxonomy":"product_tag","embeddable":true,"href":"https:\/\/natation.ch\/de\/wp-json\/wp\/v2\/product_tag?post=9162"}],"curies":[{"name":"wp","href":"https:\/\/api.w.org\/{rel}","templated":true}]}}