{"id":9136,"date":"2025-11-22T14:50:53","date_gmt":"2025-11-22T14:50:53","guid":{"rendered":"https:\/\/natation.ch\/product\/lange-schwimmflossen\/"},"modified":"2025-11-22T14:50:53","modified_gmt":"2025-11-22T14:50:53","slug":"lange-schwimmflossen","status":"publish","type":"product","link":"https:\/\/natation.ch\/de\/produkt\/lange-schwimmflossen\/","title":{"rendered":"Lange Schwimmflossen"},"content":{"rendered":"<p>Mit ihrem langen, hydrodynamischen Blatt verleihen die langen Schwimmflossen dem Schmetterlings- und Flossenschlag zus\u00e4tzlichen Vortrieb. Der Auftrieb der Flossen hebt die Beine an die Oberfl\u00e4che und reduziert den Widerstand des restlichen K\u00f6rpers.<\/p>\n<p>Das geschlossene Fersendesign der langen Schwimmflossen sch\u00fctzt vor Hyperflexion der Kn\u00f6chel und erh\u00f6ht den Komfort. Die langen Schwimmflossen sind aus weichem, schwimmf\u00e4higem Gummi gefertigt und sinken weder im S\u00fc\u00df- noch im Salzwasser, was sie ideal f\u00fcr das Training im offenen Wasser und im Schwimmbad macht.<\/p>\n<p>Die langen Schwimmflossen sind farblich nach Gr\u00f6\u00dfe gekennzeichnet.<\/p>\n","protected":false},"excerpt":{"rendered":"<p>Die Finis Long Floating Fins sind eine gro\u00dfartige Trainingshilfe, um die Beinkraft zu steigern und Athleten zu helfen, schneller zu schwimmen.<\/p>\n","protected":false},"featured_media":425,"comment_status":"closed","ping_status":"closed","template":"","meta":[],"product_brand":[327],"product_cat":[73,334],"product_tag":[],"class_list":{"0":"post-9136","1":"product","2":"type-product","3":"status-publish","4":"has-post-thumbnail","6":"product_brand-finis","7":"product_cat-equipment","8":"product_cat-flossen","10":"first","11":"instock","12":"shipping-taxable","13":"purchasable","14":"product-type-variable"},"_links":{"self":[{"href":"https:\/\/natation.ch\/de\/wp-json\/wp\/v2\/product\/9136","targetHints":{"allow":["GET"]}}],"collection":[{"href":"https:\/\/natation.ch\/de\/wp-json\/wp\/v2\/product"}],"about":[{"href":"https:\/\/natation.ch\/de\/wp-json\/wp\/v2\/types\/product"}],"replies":[{"embeddable":true,"href":"https:\/\/natation.ch\/de\/wp-json\/wp\/v2\/comments?post=9136"}],"wp:featuredmedia":[{"embeddable":true,"href":"https:\/\/natation.ch\/de\/wp-json\/wp\/v2\/media\/425"}],"wp:attachment":[{"href":"https:\/\/natation.ch\/de\/wp-json\/wp\/v2\/media?parent=9136"}],"wp:term":[{"taxonomy":"product_brand","embeddable":true,"href":"https:\/\/natation.ch\/de\/wp-json\/wp\/v2\/product_brand?post=9136"},{"taxonomy":"product_cat","embeddable":true,"href":"https:\/\/natation.ch\/de\/wp-json\/wp\/v2\/product_cat?post=9136"},{"taxonomy":"product_tag","embeddable":true,"href":"https:\/\/natation.ch\/de\/wp-json\/wp\/v2\/product_tag?post=9136"}],"curies":[{"name":"wp","href":"https:\/\/api.w.org\/{rel}","templated":true}]}}