{"id":9068,"date":"2025-11-22T14:49:53","date_gmt":"2025-11-22T14:49:53","guid":{"rendered":"https:\/\/natation.ch\/product\/tech-paddle\/"},"modified":"2026-01-06T15:29:58","modified_gmt":"2026-01-06T15:29:58","slug":"tech-paddle","status":"publish","type":"product","link":"https:\/\/natation.ch\/de\/produkt\/tech-paddle\/","title":{"rendered":"Tech-Paddle"},"content":{"rendered":"<p>Ein technisches Trainingsger\u00e4t, das hilft, den Schwimmstil und die Technik zu verbessern. Mit hydrodynamischem Design f\u00fcr optimalen Kontakt mit dem Wasser, einzigartiger Tragfl\u00e4chenform zur Verbesserung der Handbewegung und Str\u00f6mungsl\u00f6chern, die die Wasserempfindlichkeit verbessern.<\/p>\n<p>Diese Tech-Paddles sind in verschiedenen Gr\u00f6\u00dfen erh\u00e4ltlich. Gr\u00f6\u00dfere Paddles erzeugen mehr Widerstand im Wasser und f\u00fchren zu einem intensiveren Training. Kleinere Paddles sind ideal f\u00fcr den h\u00e4ufigen Gebrauch.<\/p>\n<ul>\n<li>St\u00e4rken Sie Ihren Schwimmstil und verbessern Sie Ihre Technik<\/li>\n<li>Hydrodynamisches Design f\u00fcr optimalen Kontakt mit dem Wasser<\/li>\n<li>Verschiedene Befestigungspunkte f\u00fcr spezielle Technik\u00fcbungen sind m\u00f6glich<\/li>\n<li>F\u00fcr Schwimmer aller Niveaus, die ihre Fitness und Technik verbessern m\u00f6chten<\/li>\n<li>Einzigartige Tragfl\u00e4chenform zur Verbesserung der Handbewegung<\/li>\n<li>Leichtes Polypropylen-Material mit Silikon-Gummib\u00e4ndern<\/li>\n<\/ul>\n","protected":false},"excerpt":{"rendered":"<p>Ein technisches Trainingsger\u00e4t, das hilft, den Schwimmstil und die Technik zu verbessern. Mit hydrodynamischem Design f\u00fcr optimalen Kontakt mit dem Wasser, einzigartiger Tragfl\u00e4chenform zur Verbesserung der Handbewegung und Str\u00f6mungsl\u00f6chern, die die Wasserempfindlichkeit verbessern.<\/p>\n<p>Speedo<\/p>\n","protected":false},"featured_media":262,"comment_status":"closed","ping_status":"closed","template":"","meta":[],"product_brand":[330],"product_cat":[73,86],"product_tag":[],"class_list":{"0":"post-9068","1":"product","2":"type-product","3":"status-publish","4":"has-post-thumbnail","6":"product_brand-speedo","7":"product_cat-equipment","8":"product_cat-paddle","10":"first","11":"instock","12":"featured","13":"shipping-taxable","14":"purchasable","15":"product-type-variable","16":"has-default-attributes"},"_links":{"self":[{"href":"https:\/\/natation.ch\/de\/wp-json\/wp\/v2\/product\/9068","targetHints":{"allow":["GET"]}}],"collection":[{"href":"https:\/\/natation.ch\/de\/wp-json\/wp\/v2\/product"}],"about":[{"href":"https:\/\/natation.ch\/de\/wp-json\/wp\/v2\/types\/product"}],"replies":[{"embeddable":true,"href":"https:\/\/natation.ch\/de\/wp-json\/wp\/v2\/comments?post=9068"}],"wp:featuredmedia":[{"embeddable":true,"href":"https:\/\/natation.ch\/de\/wp-json\/wp\/v2\/media\/262"}],"wp:attachment":[{"href":"https:\/\/natation.ch\/de\/wp-json\/wp\/v2\/media?parent=9068"}],"wp:term":[{"taxonomy":"product_brand","embeddable":true,"href":"https:\/\/natation.ch\/de\/wp-json\/wp\/v2\/product_brand?post=9068"},{"taxonomy":"product_cat","embeddable":true,"href":"https:\/\/natation.ch\/de\/wp-json\/wp\/v2\/product_cat?post=9068"},{"taxonomy":"product_tag","embeddable":true,"href":"https:\/\/natation.ch\/de\/wp-json\/wp\/v2\/product_tag?post=9068"}],"curies":[{"name":"wp","href":"https:\/\/api.w.org\/{rel}","templated":true}]}}