{"id":9063,"date":"2025-11-22T14:51:49","date_gmt":"2025-11-22T14:51:49","guid":{"rendered":"https:\/\/natation.ch\/product\/predator-flex-polarized-ultra-small-profile\/"},"modified":"2026-01-06T15:48:04","modified_gmt":"2026-01-06T15:48:04","slug":"predator-flex-polarized-ultra-small-profile","status":"publish","type":"product","link":"https:\/\/natation.ch\/de\/produkt\/predator-flex-polarized-ultra-small-profile\/","title":{"rendered":"Predator Flex polarized Ultra Small Profile"},"content":{"rendered":"<p>Exklusive Advanced Ultra Fit\u2122-Dichtung, die den Druck um die Augenh\u00f6hle reduziert und so f\u00fcr au\u00dfergew\u00f6hnlichen Komfort sorgt.<\/p>\n<p>Polarized Ultra-Gl\u00e4ser reduzieren Blendung und Sonnenreflexion, selbst bei starkem Licht.<\/p>\n<p>CLT\u2122 &#8211; Curved Lens Technology bietet ein peripheres Sichtfeld von 180 Grad.<\/p>\n<p>Antibeschlaggl\u00e4ser sorgen f\u00fcr klare Sicht beim Schwimmen.<\/p>\n<p>UV-Schutz, um Ihre Augen vor starkem Licht und sch\u00e4dlichen UV-Strahlen zu sch\u00fctzen.<\/p>\n<p>3D-Flexpoint f\u00fcr mehr Flexibilit\u00e4t, um sich jeder Gesichtsform anzupassen.<\/p>\n<p>Geteilter Riemen f\u00fcr zus\u00e4tzliche Sicherheit.<\/p>\n<p>Schnellverstellbares Design, damit Sie schnell und einfach die perfekte Passform erhalten.<\/p>\n","protected":false},"excerpt":{"rendered":"<p>Predator Flex Polarized Ultra Schwimmbrille.<\/p>\n<p>Die Predator Flex Schwimmbrillen bieten dank der Verwendung von 4 einzigartigen Flexpunkten f\u00fcr verbesserte Rahmenflexibilit\u00e4t und eine individuelle Passform un\u00fcbertroffenen Komfort und Passform.<\/p>\n<p>Zoggs<\/p>\n","protected":false},"featured_media":599,"comment_status":"closed","ping_status":"closed","template":"","meta":[],"product_brand":[558],"product_cat":[73,76],"product_tag":[],"class_list":{"0":"post-9063","1":"product","2":"type-product","3":"status-publish","4":"has-post-thumbnail","6":"product_brand-zoggs","7":"product_cat-equipment","8":"product_cat-schwimbrille","10":"first","11":"instock","12":"sale","13":"shipping-taxable","14":"purchasable","15":"product-type-simple"},"_links":{"self":[{"href":"https:\/\/natation.ch\/de\/wp-json\/wp\/v2\/product\/9063","targetHints":{"allow":["GET"]}}],"collection":[{"href":"https:\/\/natation.ch\/de\/wp-json\/wp\/v2\/product"}],"about":[{"href":"https:\/\/natation.ch\/de\/wp-json\/wp\/v2\/types\/product"}],"replies":[{"embeddable":true,"href":"https:\/\/natation.ch\/de\/wp-json\/wp\/v2\/comments?post=9063"}],"wp:featuredmedia":[{"embeddable":true,"href":"https:\/\/natation.ch\/de\/wp-json\/wp\/v2\/media\/599"}],"wp:attachment":[{"href":"https:\/\/natation.ch\/de\/wp-json\/wp\/v2\/media?parent=9063"}],"wp:term":[{"taxonomy":"product_brand","embeddable":true,"href":"https:\/\/natation.ch\/de\/wp-json\/wp\/v2\/product_brand?post=9063"},{"taxonomy":"product_cat","embeddable":true,"href":"https:\/\/natation.ch\/de\/wp-json\/wp\/v2\/product_cat?post=9063"},{"taxonomy":"product_tag","embeddable":true,"href":"https:\/\/natation.ch\/de\/wp-json\/wp\/v2\/product_tag?post=9063"}],"curies":[{"name":"wp","href":"https:\/\/api.w.org\/{rel}","templated":true}]}}