{"id":9041,"date":"2025-11-22T14:51:10","date_gmt":"2025-11-22T14:51:10","guid":{"rendered":"https:\/\/natation.ch\/product\/rash-guard-long-sleeve-unisex\/"},"modified":"2026-01-06T14:44:05","modified_gmt":"2026-01-06T14:44:05","slug":"rash-guard-long-sleeve-unisex","status":"publish","type":"product","link":"https:\/\/natation.ch\/de\/produkt\/rash-guard-long-sleeve-unisex\/","title":{"rendered":"Rash Guard Long Sleeve &#8211; Unisex"},"content":{"rendered":"<p>&#8220;GEWEBE<br \/>\nCl-PRO FLEX &#8211; 190 GSM: 78 % POLYAMID, 22 % X-LIFE LYCRA, hergestellt in Italien.<\/p>\n<p>CHLORRESISTENZ<br \/>\nDieser Rash Guard wird aus italienischem Xtra Life Lycra hergestellt, was bedeutet, dass er anspruchsvolleren Trainingseinheiten standh\u00e4lt als Standardgewebe ohne Behandlung.<\/p>\n<p>FORM- &amp; FARBERHALTUNG<br \/>\nDieses vorbehandelte Lycra ist dehnbar, bequem und wasserabweisend.<\/p>\n<p>SONNENSCHUTZ<br \/>\nDas Gewebe bietet UPF50+ Sonnenschutz und ist somit der perfekte Rash Guard f\u00fcr alle Outdoor-Wasseraktivit\u00e4ten.<\/p>\n<p>SICHTBARKEIT<br \/>\nDie leuchtend orange Farbe sorgt daf\u00fcr, dass Sie im offenen Wasser gut sichtbar sind, f\u00fcr zus\u00e4tzliche Sicherheit bei jeder Aktivit\u00e4t.&#8221;<\/p>\n","protected":false},"excerpt":{"rendered":"<p>Dieser Rash Guard ist ideal, wenn Sie ein Accessoire suchen, das Ihnen Sonnenschutz und hohe Sichtbarkeit bietet. Bleiben Sie sicher im offenen Wasser. <\/p>\n<p>Orca<\/p>\n","protected":false},"featured_media":495,"comment_status":"closed","ping_status":"closed","template":"","meta":[],"product_brand":[331],"product_cat":[83,73,338],"product_tag":[],"class_list":{"0":"post-9041","1":"product","2":"type-product","3":"status-publish","4":"has-post-thumbnail","6":"product_brand-orca","7":"product_cat-andere-ausruestung","8":"product_cat-equipment","9":"product_cat-sales","11":"first","12":"instock","13":"sale","14":"shipping-taxable","15":"purchasable","16":"product-type-variable"},"_links":{"self":[{"href":"https:\/\/natation.ch\/de\/wp-json\/wp\/v2\/product\/9041","targetHints":{"allow":["GET"]}}],"collection":[{"href":"https:\/\/natation.ch\/de\/wp-json\/wp\/v2\/product"}],"about":[{"href":"https:\/\/natation.ch\/de\/wp-json\/wp\/v2\/types\/product"}],"replies":[{"embeddable":true,"href":"https:\/\/natation.ch\/de\/wp-json\/wp\/v2\/comments?post=9041"}],"wp:featuredmedia":[{"embeddable":true,"href":"https:\/\/natation.ch\/de\/wp-json\/wp\/v2\/media\/495"}],"wp:attachment":[{"href":"https:\/\/natation.ch\/de\/wp-json\/wp\/v2\/media?parent=9041"}],"wp:term":[{"taxonomy":"product_brand","embeddable":true,"href":"https:\/\/natation.ch\/de\/wp-json\/wp\/v2\/product_brand?post=9041"},{"taxonomy":"product_cat","embeddable":true,"href":"https:\/\/natation.ch\/de\/wp-json\/wp\/v2\/product_cat?post=9041"},{"taxonomy":"product_tag","embeddable":true,"href":"https:\/\/natation.ch\/de\/wp-json\/wp\/v2\/product_tag?post=9041"}],"curies":[{"name":"wp","href":"https:\/\/api.w.org\/{rel}","templated":true}]}}