{"id":9021,"date":"2025-11-22T14:51:49","date_gmt":"2025-11-22T14:51:49","guid":{"rendered":"https:\/\/natation.ch\/product\/duo-mp3\/"},"modified":"2026-01-04T20:25:35","modified_gmt":"2026-01-04T20:25:35","slug":"duo-mp3","status":"publish","type":"product","link":"https:\/\/natation.ch\/de\/produkt\/duo-mp3\/","title":{"rendered":"Duo MP3"},"content":{"rendered":"<p>AUDIO\u00dcBERTRAGUNG DURCH KNOCHENLEITUNG: Erstaunlich klarer Klang im Wasser ohne Ohrh\u00f6rer; Der Klang ist am klarsten, wenn er in Wasser getaucht ist.<br \/>\nUNTERST\u00dcTZT MP3- UND WMA-AUDIOFORMATE: H\u00f6ren Sie Musik, H\u00f6rb\u00fccher, Podcasts und mehr; Kompatibel mit iTunes<br \/>\n4 GB SPEICHER: Speichert ungef\u00e4hr bis zu 1000 Lieder oder 60 Stunden Wiedergabe (Mac OS-Benutzer: Bitte leeren Sie den Papierkorb auf Ihrem Computer, bevor Sie den Duo an den USB-Anschluss anschlie\u00dfen)<br \/>\nINTEGRIERTES CLIP-DESIGN: Befestigt das Ger\u00e4t an den Schwimmbrillenb\u00e4ndern, sodass es bequem und stromlinienf\u00f6rmig auf den Wangenknochen aufliegt.<br \/>\nWASSERDICHT IPX8: Bis zu 3 Meter und 30 Minuten; Wiederaufladbarer Lithium-Ionen-Akku mit bis zu 7 Stunden Akkulaufzeit (Wenn das Ger\u00e4t l\u00e4nger als 30 Minuten in einer Tiefe von 3 Metern oder mehr eingetaucht wird, kann es zu Sch\u00e4den kommen)<\/p>\n","protected":false},"excerpt":{"rendered":"<p>Der Duo\u2122 ist ein MP3-Player f\u00fcr Schwimmer, der h\u00f6chste Klangqualit\u00e4t ohne Ohrh\u00f6rer bietet. Der Duo\u2122 nutzt ein schlankes, zweiteiliges Design und die Audio\u00fcbertragung durch Knochenleitung, um kristallklaren Klang \u00fcber die Wangenknochen zum Innenohr zu liefern. Ein integriertes Clip-Design befestigt den Duo\u2122 an den Schwimmbrillenb\u00e4ndern, sodass er bequem und stromlinienf\u00f6rmig auf den Wangenknochen aufliegt. Eine vereinfachte Benutzeroberfl\u00e4che bietet vier Tasten zur einfachen Navigation zwischen Musik, Podcasts, H\u00f6rb\u00fcchern und anderen unterst\u00fctzten Audiodateien. Der Duo\u2122 unterst\u00fctzt ungesch\u00fctzte MP3- und WMA-Dateien. Die mitgelieferte magnetische USB-Dockingstation erm\u00f6glicht universelle Datentransfers und das Aufladen. Das Ger\u00e4t bietet 4 GB Flash-Speicher und eine Lithium-Ionen-Akkulaufzeit von bis zu 7 Stunden.<\/p>\n<p>Finis<\/p>\n","protected":false},"featured_media":595,"comment_status":"closed","ping_status":"closed","template":"","meta":[],"product_brand":[327],"product_cat":[68,338,58],"product_tag":[],"class_list":{"0":"post-9021","1":"product","2":"type-product","3":"status-publish","4":"has-post-thumbnail","6":"product_brand-finis","7":"product_cat-andere-zubehoerartikel","8":"product_cat-sales","9":"product_cat-zubehor","11":"first","12":"instock","13":"sale","14":"shipping-taxable","15":"purchasable","16":"product-type-simple"},"_links":{"self":[{"href":"https:\/\/natation.ch\/de\/wp-json\/wp\/v2\/product\/9021","targetHints":{"allow":["GET"]}}],"collection":[{"href":"https:\/\/natation.ch\/de\/wp-json\/wp\/v2\/product"}],"about":[{"href":"https:\/\/natation.ch\/de\/wp-json\/wp\/v2\/types\/product"}],"replies":[{"embeddable":true,"href":"https:\/\/natation.ch\/de\/wp-json\/wp\/v2\/comments?post=9021"}],"wp:featuredmedia":[{"embeddable":true,"href":"https:\/\/natation.ch\/de\/wp-json\/wp\/v2\/media\/595"}],"wp:attachment":[{"href":"https:\/\/natation.ch\/de\/wp-json\/wp\/v2\/media?parent=9021"}],"wp:term":[{"taxonomy":"product_brand","embeddable":true,"href":"https:\/\/natation.ch\/de\/wp-json\/wp\/v2\/product_brand?post=9021"},{"taxonomy":"product_cat","embeddable":true,"href":"https:\/\/natation.ch\/de\/wp-json\/wp\/v2\/product_cat?post=9021"},{"taxonomy":"product_tag","embeddable":true,"href":"https:\/\/natation.ch\/de\/wp-json\/wp\/v2\/product_tag?post=9021"}],"curies":[{"name":"wp","href":"https:\/\/api.w.org\/{rel}","templated":true}]}}