{"id":9011,"date":"2025-11-22T14:51:50","date_gmt":"2025-11-22T14:51:50","guid":{"rendered":"https:\/\/natation.ch\/product\/openwater-schwimmhandschuhe-fuer-herren\/"},"modified":"2026-01-06T14:19:21","modified_gmt":"2026-01-06T14:19:21","slug":"openwater-schwimmhandschuhe-fuer-herren","status":"publish","type":"product","link":"https:\/\/natation.ch\/de\/produkt\/openwater-schwimmhandschuhe-fuer-herren\/","title":{"rendered":"Openwater-Schwimmhandschuhe f\u00fcr Herren"},"content":{"rendered":"<p>Materialien: Sie bestehen aus 3 mm dickem Neopren sowie einem hochelastischen Innenfutter f\u00fcr eine bessere Passform.<\/p>\n<p>Schnittmuster: Das extra lange Schnittmuster erm\u00f6glicht es den Handschuhen, den Neoprenanzug zu \u00fcberlappen, um eine bessere Isolierung zu erzielen.<\/p>\n","protected":false},"excerpt":{"rendered":"<p>Die Liquid Seam Gloves haben fl\u00fcssige N\u00e4hte, die verhindern, dass Wasser in die Paneele eindringt, und sch\u00fctzen Ihre H\u00e4nde unter k\u00e4ltesten Bedingungen. Mit einer Dicke von 3 mm und einem ergonomischen Schnittmuster passen sich diese Handschuhe perfekt an die Position an, die Ihre Hand beim Schwimmen im offenen Wasser einnimmt.<\/p>\n<p>Orca<\/p>\n","protected":false},"featured_media":639,"comment_status":"closed","ping_status":"closed","template":"","meta":[],"product_brand":[331],"product_cat":[68,58],"product_tag":[],"class_list":{"0":"post-9011","1":"product","2":"type-product","3":"status-publish","4":"has-post-thumbnail","6":"product_brand-orca","7":"product_cat-andere-zubehoerartikel","8":"product_cat-zubehor","10":"first","11":"instock","12":"shipping-taxable","13":"purchasable","14":"product-type-variable"},"_links":{"self":[{"href":"https:\/\/natation.ch\/de\/wp-json\/wp\/v2\/product\/9011","targetHints":{"allow":["GET"]}}],"collection":[{"href":"https:\/\/natation.ch\/de\/wp-json\/wp\/v2\/product"}],"about":[{"href":"https:\/\/natation.ch\/de\/wp-json\/wp\/v2\/types\/product"}],"replies":[{"embeddable":true,"href":"https:\/\/natation.ch\/de\/wp-json\/wp\/v2\/comments?post=9011"}],"wp:featuredmedia":[{"embeddable":true,"href":"https:\/\/natation.ch\/de\/wp-json\/wp\/v2\/media\/639"}],"wp:attachment":[{"href":"https:\/\/natation.ch\/de\/wp-json\/wp\/v2\/media?parent=9011"}],"wp:term":[{"taxonomy":"product_brand","embeddable":true,"href":"https:\/\/natation.ch\/de\/wp-json\/wp\/v2\/product_brand?post=9011"},{"taxonomy":"product_cat","embeddable":true,"href":"https:\/\/natation.ch\/de\/wp-json\/wp\/v2\/product_cat?post=9011"},{"taxonomy":"product_tag","embeddable":true,"href":"https:\/\/natation.ch\/de\/wp-json\/wp\/v2\/product_tag?post=9011"}],"curies":[{"name":"wp","href":"https:\/\/api.w.org\/{rel}","templated":true}]}}