{"id":9006,"date":"2025-11-22T14:52:06","date_gmt":"2025-11-22T14:52:06","guid":{"rendered":"https:\/\/natation.ch\/product\/biofuse-rift-maske\/"},"modified":"2025-11-22T14:52:06","modified_gmt":"2025-11-22T14:52:06","slug":"biofuse-rift-maske","status":"publish","type":"product","link":"https:\/\/natation.ch\/de\/produkt\/biofuse-rift-maske\/","title":{"rendered":"Biofuse Rift Maske"},"content":{"rendered":"<p>Mit Speedo Biofuse\u00ae Technologie f\u00fcr gepolsterten Komfort bei jedem Schwimmen.<\/p>\n<p>Die superweiche Dichtung passt sich der Form Ihres Gesichts an.<\/p>\n<p>Weitwinkelgl\u00e4ser f\u00fcr verbesserte periphere Sicht.<\/p>\n<p>Einfache Druckknopfverstellung f\u00fcr schnelles und einfaches Anpassen.<\/p>\n<p>Breites, geteiltes Banddesign f\u00fcr einen bequemen und sicheren Sitz.<\/p>\n<p>Klare Gl\u00e4ser f\u00fcr schwache Lichtverh\u00e4ltnisse und maximale Sichtbarkeit.<\/p>\n<p>Ideal f\u00fcr das Hallenbad.<\/p>\n<p>Antibeschlagbeschichtete Gl\u00e4ser mit 100 % UV-Schutz.<\/p>\n","protected":false},"excerpt":{"rendered":"<p>Schwimmmaske<br \/>\nSpeedo<\/p>\n","protected":false},"featured_media":685,"comment_status":"closed","ping_status":"closed","template":"","meta":[],"product_brand":[330],"product_cat":[73,76],"product_tag":[],"class_list":{"0":"post-9006","1":"product","2":"type-product","3":"status-publish","4":"has-post-thumbnail","6":"product_brand-speedo","7":"product_cat-equipment","8":"product_cat-schwimbrille","10":"first","11":"instock","12":"shipping-taxable","13":"purchasable","14":"product-type-simple"},"_links":{"self":[{"href":"https:\/\/natation.ch\/de\/wp-json\/wp\/v2\/product\/9006","targetHints":{"allow":["GET"]}}],"collection":[{"href":"https:\/\/natation.ch\/de\/wp-json\/wp\/v2\/product"}],"about":[{"href":"https:\/\/natation.ch\/de\/wp-json\/wp\/v2\/types\/product"}],"replies":[{"embeddable":true,"href":"https:\/\/natation.ch\/de\/wp-json\/wp\/v2\/comments?post=9006"}],"wp:featuredmedia":[{"embeddable":true,"href":"https:\/\/natation.ch\/de\/wp-json\/wp\/v2\/media\/685"}],"wp:attachment":[{"href":"https:\/\/natation.ch\/de\/wp-json\/wp\/v2\/media?parent=9006"}],"wp:term":[{"taxonomy":"product_brand","embeddable":true,"href":"https:\/\/natation.ch\/de\/wp-json\/wp\/v2\/product_brand?post=9006"},{"taxonomy":"product_cat","embeddable":true,"href":"https:\/\/natation.ch\/de\/wp-json\/wp\/v2\/product_cat?post=9006"},{"taxonomy":"product_tag","embeddable":true,"href":"https:\/\/natation.ch\/de\/wp-json\/wp\/v2\/product_tag?post=9006"}],"curies":[{"name":"wp","href":"https:\/\/api.w.org\/{rel}","templated":true}]}}