{"id":8943,"date":"2025-11-22T14:50:15","date_gmt":"2025-11-22T14:50:15","guid":{"rendered":"https:\/\/natation.ch\/product\/zanpa\/"},"modified":"2025-11-22T14:50:15","modified_gmt":"2025-11-22T14:50:15","slug":"zanpa","status":"publish","type":"product","link":"https:\/\/natation.ch\/de\/produkt\/zanpa\/","title":{"rendered":"Zanpa"},"content":{"rendered":"<p>Alle Speedo-Schuhe sind f\u00fcr Komfort und Sicherheit im Wasser entwickelt. Jeder Stil ist mit einer ergonomischen Passform entworfen, die sicherstellt, dass jedes unserer Schuhe richtig am Fu\u00df sitzt; Ultimativer Grip, der maximale Traktion in nasser und trockener Umgebung gew\u00e4hrleistet, sodass Sie sich sicher f\u00fchlen; leichte, wasserabweisende Materialien; nat\u00fcrliche, antibakterielle Materialien, die sicherstellen, dass sie auch nach mehrmaligem Tragen frisch bleiben, sowie eine Verpackung und Schuhe, die sowohl recycelbar als auch 100 % PVC-frei sind.<\/p>\n","protected":false},"excerpt":{"rendered":"<p>Speedo<\/p>\n<p>Wasserschuh<\/p>\n","protected":false},"featured_media":364,"comment_status":"closed","ping_status":"closed","template":"","meta":[],"product_brand":[330],"product_cat":[83,73],"product_tag":[],"class_list":{"0":"post-8943","1":"product","2":"type-product","3":"status-publish","4":"has-post-thumbnail","6":"product_brand-speedo","7":"product_cat-andere-ausruestung","8":"product_cat-equipment","10":"first","11":"instock","12":"shipping-taxable","13":"purchasable","14":"product-type-variable"},"_links":{"self":[{"href":"https:\/\/natation.ch\/de\/wp-json\/wp\/v2\/product\/8943","targetHints":{"allow":["GET"]}}],"collection":[{"href":"https:\/\/natation.ch\/de\/wp-json\/wp\/v2\/product"}],"about":[{"href":"https:\/\/natation.ch\/de\/wp-json\/wp\/v2\/types\/product"}],"replies":[{"embeddable":true,"href":"https:\/\/natation.ch\/de\/wp-json\/wp\/v2\/comments?post=8943"}],"wp:featuredmedia":[{"embeddable":true,"href":"https:\/\/natation.ch\/de\/wp-json\/wp\/v2\/media\/364"}],"wp:attachment":[{"href":"https:\/\/natation.ch\/de\/wp-json\/wp\/v2\/media?parent=8943"}],"wp:term":[{"taxonomy":"product_brand","embeddable":true,"href":"https:\/\/natation.ch\/de\/wp-json\/wp\/v2\/product_brand?post=8943"},{"taxonomy":"product_cat","embeddable":true,"href":"https:\/\/natation.ch\/de\/wp-json\/wp\/v2\/product_cat?post=8943"},{"taxonomy":"product_tag","embeddable":true,"href":"https:\/\/natation.ch\/de\/wp-json\/wp\/v2\/product_tag?post=8943"}],"curies":[{"name":"wp","href":"https:\/\/api.w.org\/{rel}","templated":true}]}}