{"id":8923,"date":"2025-12-18T15:04:56","date_gmt":"2025-12-18T15:04:56","guid":{"rendered":"https:\/\/natation.ch\/?post_type=product&#038;p=8923"},"modified":"2025-12-18T15:07:57","modified_gmt":"2025-12-18T15:07:57","slug":"spiky-iii-rucksack-navy","status":"publish","type":"product","link":"https:\/\/natation.ch\/de\/produkt\/spiky-iii-rucksack-navy\/","title":{"rendered":"Spiky III Rucksack Navy \/ Neon Violet"},"content":{"rendered":"<ul>\n<li>Ger\u00e4umiger und komfortabler Rucksack mit mehreren F\u00e4chern f\u00fcr einfachen Transport von Sportausr\u00fcstung und nasser Badebekleidung<\/li>\n<li>Gro\u00dfes Hauptfach, drei zus\u00e4tzliche Rei\u00dfverschlusstaschen, seitliche Netztaschen, separate Tasche f\u00fcr nasse Gegenst\u00e4nde<\/li>\n<li>Verst\u00e4rkter Boden, gepolsterter und atmungsaktiver R\u00fccken, bequeme Tr\u00e4ger, wasserabweisendes Material, Ma\u00dfe: 50 cm x 36 cm x 27 cm, 45 l<\/li>\n<li>Ideal f\u00fcr Schwimmtraining, Wettk\u00e4mpfe und andere sportliche Aktivit\u00e4ten<\/li>\n<\/ul>\n","protected":false},"excerpt":{"rendered":"<p>Der ger\u00e4umige, komfortable und stylische arena 45L Spiky III Rucksack wurde speziell f\u00fcr Schwimmer entwickelt. Das ger\u00e4umige Hauptfach, drei zus\u00e4tzliche Rei\u00dfverschlusstaschen, seitliche Netztaschen und eine separate Tasche f\u00fcr nasse Gegenst\u00e4nde bieten viel Stauraum. Mit atmungsaktiven Mesh-Eins\u00e4tzen und wasserabweisendem Material f\u00fcr optimale Feuchtigkeitskontrolle. Das gepolsterte, atmungsaktive R\u00fcckenteil und die ergonomischen Tr\u00e4ger sorgen f\u00fcr hervorragenden Komfort. Der wasserabweisende Boden sch\u00fctzt den Inhalt auf nassen Oberfl\u00e4chen. Abmessungen: 50 cm x 36 cm x 27 cm, 45 l<\/p>\n<p>&nbsp;<\/p>\n","protected":false},"featured_media":8905,"comment_status":"open","ping_status":"closed","template":"","meta":[],"product_brand":[329],"product_cat":[62],"product_tag":[],"class_list":{"0":"post-8923","1":"product","2":"type-product","3":"status-publish","4":"has-post-thumbnail","6":"product_brand-arena","7":"product_cat-taschen","9":"first","10":"instock","11":"shipping-taxable","12":"purchasable","13":"product-type-simple"},"_links":{"self":[{"href":"https:\/\/natation.ch\/de\/wp-json\/wp\/v2\/product\/8923","targetHints":{"allow":["GET"]}}],"collection":[{"href":"https:\/\/natation.ch\/de\/wp-json\/wp\/v2\/product"}],"about":[{"href":"https:\/\/natation.ch\/de\/wp-json\/wp\/v2\/types\/product"}],"replies":[{"embeddable":true,"href":"https:\/\/natation.ch\/de\/wp-json\/wp\/v2\/comments?post=8923"}],"wp:featuredmedia":[{"embeddable":true,"href":"https:\/\/natation.ch\/de\/wp-json\/wp\/v2\/media\/8905"}],"wp:attachment":[{"href":"https:\/\/natation.ch\/de\/wp-json\/wp\/v2\/media?parent=8923"}],"wp:term":[{"taxonomy":"product_brand","embeddable":true,"href":"https:\/\/natation.ch\/de\/wp-json\/wp\/v2\/product_brand?post=8923"},{"taxonomy":"product_cat","embeddable":true,"href":"https:\/\/natation.ch\/de\/wp-json\/wp\/v2\/product_cat?post=8923"},{"taxonomy":"product_tag","embeddable":true,"href":"https:\/\/natation.ch\/de\/wp-json\/wp\/v2\/product_tag?post=8923"}],"curies":[{"name":"wp","href":"https:\/\/api.w.org\/{rel}","templated":true}]}}