{"id":8892,"date":"2025-11-22T14:49:26","date_gmt":"2025-11-22T14:49:26","guid":{"rendered":"https:\/\/natation.ch\/product\/schwimmbrett\/"},"modified":"2025-11-22T14:49:26","modified_gmt":"2025-11-22T14:49:26","slug":"schwimmbrett","status":"publish","type":"product","link":"https:\/\/natation.ch\/de\/produkt\/schwimmbrett\/","title":{"rendered":"Schwimmbrett"},"content":{"rendered":"<p>Das Schwimmbrett bietet Unterst\u00fctzung, damit Sie sich auf die Verbesserung Ihrer Kicktechnik und die St\u00e4rkung Ihres Unterk\u00f6rpers konzentrieren k\u00f6nnen. Sein hoher Auftrieb h\u00e4lt Ihren Oberk\u00f6rper fest und erh\u00f6ht, sodass Sie Ihr volles Kickpotenzial erreichen. <\/p>\n","protected":false},"excerpt":{"rendered":"<p>Das Schwimmbrett bietet Unterst\u00fctzung, damit Sie sich auf die Verbesserung Ihrer Kicktechnik und die St\u00e4rkung Ihres Unterk\u00f6rpers konzentrieren k\u00f6nnen. Sein hoher Auftrieb h\u00e4lt Ihren Oberk\u00f6rper fest und erh\u00f6ht, sodass Sie Ihr volles Kickpotenzial erreichen. <\/p>\n","protected":false},"featured_media":184,"comment_status":"closed","ping_status":"closed","template":"","meta":[],"product_brand":[331],"product_cat":[73,79],"product_tag":[],"class_list":{"0":"post-8892","1":"product","2":"type-product","3":"status-publish","4":"has-post-thumbnail","6":"product_brand-orca","7":"product_cat-equipment","8":"product_cat-kickboard","10":"first","11":"instock","12":"shipping-taxable","13":"purchasable","14":"product-type-simple"},"_links":{"self":[{"href":"https:\/\/natation.ch\/de\/wp-json\/wp\/v2\/product\/8892","targetHints":{"allow":["GET"]}}],"collection":[{"href":"https:\/\/natation.ch\/de\/wp-json\/wp\/v2\/product"}],"about":[{"href":"https:\/\/natation.ch\/de\/wp-json\/wp\/v2\/types\/product"}],"replies":[{"embeddable":true,"href":"https:\/\/natation.ch\/de\/wp-json\/wp\/v2\/comments?post=8892"}],"wp:featuredmedia":[{"embeddable":true,"href":"https:\/\/natation.ch\/de\/wp-json\/wp\/v2\/media\/184"}],"wp:attachment":[{"href":"https:\/\/natation.ch\/de\/wp-json\/wp\/v2\/media?parent=8892"}],"wp:term":[{"taxonomy":"product_brand","embeddable":true,"href":"https:\/\/natation.ch\/de\/wp-json\/wp\/v2\/product_brand?post=8892"},{"taxonomy":"product_cat","embeddable":true,"href":"https:\/\/natation.ch\/de\/wp-json\/wp\/v2\/product_cat?post=8892"},{"taxonomy":"product_tag","embeddable":true,"href":"https:\/\/natation.ch\/de\/wp-json\/wp\/v2\/product_tag?post=8892"}],"curies":[{"name":"wp","href":"https:\/\/api.w.org\/{rel}","templated":true}]}}