{"id":8844,"date":"2025-11-22T14:52:07","date_gmt":"2025-11-22T14:52:07","guid":{"rendered":"https:\/\/natation.ch\/product\/killa-hydro-mirror\/"},"modified":"2026-01-06T14:16:46","modified_gmt":"2026-01-06T14:16:46","slug":"killa-hydro-mirror","status":"publish","type":"product","link":"https:\/\/natation.ch\/de\/produkt\/killa-hydro-mirror\/","title":{"rendered":"Killa Hydro Mirror"},"content":{"rendered":"<p>PERFEKTE PASSFORM Die ergonomische 3D-Dichtung passt sich dem Gesicht perfekt an und reduziert den Druck um die Augen f\u00fcr eine noch bessere Wasserdichtigkeit. SCHNELLVERSTELLUNG Das L50clip-Gurtsystem hilft Ihnen, das Silikonband einfach und schnell anzupassen. ULTRA FUSE Dank des revolution\u00e4ren UltraFuse-Systems wird TPE-Gummi mit modernster Injektionstechnologie an Linse und Rahmen befestigt. Dieses Design erh\u00f6ht den Komfort und reduziert Druck und Wasserlecks. ANTI-FOG Die exklusive, langlebige ANTI-FOG-Beschichtung verhindert das Beschlagen Ihrer Brille und sorgt jederzeit f\u00fcr klare Sicht.<\/p>\n","protected":false},"excerpt":{"rendered":"<p>Diese Brille ist leistungsstark, vielseitig und ergonomisch, was Ihren Komfort und Ihre Geschwindigkeit im Wasser erh\u00f6ht. Sie bietet au\u00dfergew\u00f6hnliche optische Klarheit und ist somit sowohl f\u00fcr Wettk\u00e4mpfe als auch f\u00fcr das Training geeignet.<\/p>\n<p>Orca<\/p>\n","protected":false},"featured_media":713,"comment_status":"closed","ping_status":"closed","template":"","meta":[],"product_brand":[331],"product_cat":[73,76],"product_tag":[],"class_list":{"0":"post-8844","1":"product","2":"type-product","3":"status-publish","4":"has-post-thumbnail","6":"product_brand-orca","7":"product_cat-equipment","8":"product_cat-schwimbrille","10":"first","11":"instock","12":"shipping-taxable","13":"purchasable","14":"product-type-simple"},"_links":{"self":[{"href":"https:\/\/natation.ch\/de\/wp-json\/wp\/v2\/product\/8844","targetHints":{"allow":["GET"]}}],"collection":[{"href":"https:\/\/natation.ch\/de\/wp-json\/wp\/v2\/product"}],"about":[{"href":"https:\/\/natation.ch\/de\/wp-json\/wp\/v2\/types\/product"}],"replies":[{"embeddable":true,"href":"https:\/\/natation.ch\/de\/wp-json\/wp\/v2\/comments?post=8844"}],"wp:featuredmedia":[{"embeddable":true,"href":"https:\/\/natation.ch\/de\/wp-json\/wp\/v2\/media\/713"}],"wp:attachment":[{"href":"https:\/\/natation.ch\/de\/wp-json\/wp\/v2\/media?parent=8844"}],"wp:term":[{"taxonomy":"product_brand","embeddable":true,"href":"https:\/\/natation.ch\/de\/wp-json\/wp\/v2\/product_brand?post=8844"},{"taxonomy":"product_cat","embeddable":true,"href":"https:\/\/natation.ch\/de\/wp-json\/wp\/v2\/product_cat?post=8844"},{"taxonomy":"product_tag","embeddable":true,"href":"https:\/\/natation.ch\/de\/wp-json\/wp\/v2\/product_tag?post=8844"}],"curies":[{"name":"wp","href":"https:\/\/api.w.org\/{rel}","templated":true}]}}