{"id":8841,"date":"2025-11-22T14:49:26","date_gmt":"2025-11-22T14:49:26","guid":{"rendered":"https:\/\/natation.ch\/product\/safety-bag\/"},"modified":"2026-01-06T14:02:46","modified_gmt":"2026-01-06T14:02:46","slug":"safety-bag","status":"publish","type":"product","link":"https:\/\/natation.ch\/de\/produkt\/safety-bag\/","title":{"rendered":"Safety bag"},"content":{"rendered":"<p>Die Sicherheitstasche von Orca macht Sie im Wasser besser sichtbar und bietet Ihnen eine Schwimmhilfe zum Festhalten. In ihrem wasserdichten Fach k\u00f6nnen Sie Ihre Sachen sicher und trocken aufbewahren. Ein praktisches und unverzichtbares Sicherheitszubeh\u00f6r f\u00fcr Ihre Swimrun-Wettk\u00e4mpfe und Trainingseinheiten.<\/p>\n","protected":false},"excerpt":{"rendered":"<p>Die Sicherheitstasche von Orca macht Sie im Wasser besser sichtbar und bietet Ihnen eine Schwimmhilfe zum Festhalten. In ihrem wasserdichten Fach k\u00f6nnen Sie Ihre Sachen sicher und trocken aufbewahren. Ein praktisches und unverzichtbares Sicherheitszubeh\u00f6r f\u00fcr Ihre Swimrun-Wettk\u00e4mpfe und Trainingseinheiten.<\/p>\n","protected":false},"featured_media":180,"comment_status":"closed","ping_status":"closed","template":"","meta":[],"product_brand":[331],"product_cat":[68,58],"product_tag":[],"class_list":{"0":"post-8841","1":"product","2":"type-product","3":"status-publish","4":"has-post-thumbnail","6":"product_brand-orca","7":"product_cat-andere-zubehoerartikel","8":"product_cat-zubehor","10":"first","11":"instock","12":"shipping-taxable","13":"purchasable","14":"product-type-simple"},"_links":{"self":[{"href":"https:\/\/natation.ch\/de\/wp-json\/wp\/v2\/product\/8841","targetHints":{"allow":["GET"]}}],"collection":[{"href":"https:\/\/natation.ch\/de\/wp-json\/wp\/v2\/product"}],"about":[{"href":"https:\/\/natation.ch\/de\/wp-json\/wp\/v2\/types\/product"}],"replies":[{"embeddable":true,"href":"https:\/\/natation.ch\/de\/wp-json\/wp\/v2\/comments?post=8841"}],"wp:featuredmedia":[{"embeddable":true,"href":"https:\/\/natation.ch\/de\/wp-json\/wp\/v2\/media\/180"}],"wp:attachment":[{"href":"https:\/\/natation.ch\/de\/wp-json\/wp\/v2\/media?parent=8841"}],"wp:term":[{"taxonomy":"product_brand","embeddable":true,"href":"https:\/\/natation.ch\/de\/wp-json\/wp\/v2\/product_brand?post=8841"},{"taxonomy":"product_cat","embeddable":true,"href":"https:\/\/natation.ch\/de\/wp-json\/wp\/v2\/product_cat?post=8841"},{"taxonomy":"product_tag","embeddable":true,"href":"https:\/\/natation.ch\/de\/wp-json\/wp\/v2\/product_tag?post=8841"}],"curies":[{"name":"wp","href":"https:\/\/api.w.org\/{rel}","templated":true}]}}