{"id":8783,"date":"2025-11-22T14:52:08","date_gmt":"2025-11-22T14:52:08","guid":{"rendered":"https:\/\/natation.ch\/product\/thermales-schwimmshirt\/"},"modified":"2025-11-22T14:52:08","modified_gmt":"2025-11-22T14:52:08","slug":"thermales-schwimmshirt","status":"publish","type":"product","link":"https:\/\/natation.ch\/de\/produkt\/thermales-schwimmshirt\/","title":{"rendered":"Thermales Schwimmshirt"},"content":{"rendered":"<p>Hergestellt aus einem einzigartigen BiPoly-Gewebe, das durch das Speichern von K\u00f6rperw\u00e4rme W\u00e4rme spendet. Gefertigt aus einem starken, aber leichten Material, das sich dem Oberk\u00f6rper anpasst, ohne die Bewegungsfreiheit einzuschr\u00e4nken. Bietet UVA-, UVB- und antibakteriellen Schutz.  <\/p>\n","protected":false},"excerpt":{"rendered":"<p>Finis<\/p>\n","protected":false},"featured_media":721,"comment_status":"closed","ping_status":"closed","template":"","meta":[],"product_brand":[327],"product_cat":[83,73],"product_tag":[],"class_list":{"0":"post-8783","1":"product","2":"type-product","3":"status-publish","4":"has-post-thumbnail","6":"product_brand-finis","7":"product_cat-andere-ausruestung","8":"product_cat-equipment","10":"first","11":"instock","12":"shipping-taxable","13":"purchasable","14":"product-type-variable"},"_links":{"self":[{"href":"https:\/\/natation.ch\/de\/wp-json\/wp\/v2\/product\/8783","targetHints":{"allow":["GET"]}}],"collection":[{"href":"https:\/\/natation.ch\/de\/wp-json\/wp\/v2\/product"}],"about":[{"href":"https:\/\/natation.ch\/de\/wp-json\/wp\/v2\/types\/product"}],"replies":[{"embeddable":true,"href":"https:\/\/natation.ch\/de\/wp-json\/wp\/v2\/comments?post=8783"}],"wp:featuredmedia":[{"embeddable":true,"href":"https:\/\/natation.ch\/de\/wp-json\/wp\/v2\/media\/721"}],"wp:attachment":[{"href":"https:\/\/natation.ch\/de\/wp-json\/wp\/v2\/media?parent=8783"}],"wp:term":[{"taxonomy":"product_brand","embeddable":true,"href":"https:\/\/natation.ch\/de\/wp-json\/wp\/v2\/product_brand?post=8783"},{"taxonomy":"product_cat","embeddable":true,"href":"https:\/\/natation.ch\/de\/wp-json\/wp\/v2\/product_cat?post=8783"},{"taxonomy":"product_tag","embeddable":true,"href":"https:\/\/natation.ch\/de\/wp-json\/wp\/v2\/product_tag?post=8783"}],"curies":[{"name":"wp","href":"https:\/\/api.w.org\/{rel}","templated":true}]}}