{"id":8720,"date":"2025-11-22T14:54:05","date_gmt":"2025-11-22T14:54:05","guid":{"rendered":"https:\/\/natation.ch\/product\/schwimmsocken\/"},"modified":"2026-01-06T14:11:02","modified_gmt":"2026-01-06T14:11:02","slug":"schwimmsocken","status":"publish","type":"product","link":"https:\/\/natation.ch\/de\/produkt\/schwimmsocken\/","title":{"rendered":"Schwimmsocken"},"content":{"rendered":"<p>W\u00e4rme<br \/>\nDank der 2,5 mm Neoprenkonstruktion bietet dieses Accessoire eine hervorragende Isolierung gegen K\u00e4lte.<br \/>\nKomfort<\/p>\n<p>Das hochwertige Futter bietet Komfort beim Schwimmen.<\/p>\n<p>Dieses Zubeh\u00f6r sollte unter einem Neoprenanzug getragen werden, um das Eindringen von Wasser zu verhindern.<\/p>\n<p>Gr\u00f6\u00dfe Schuhgr\u00f6\u00dfe<\/p>\n<p>Europa UK USA<br \/>\nXXS 37 5.0 5<br \/>\nXS 38 5.5 6<br \/>\nS 40 6.5 7<br \/>\nM 41 7.5 8<br \/>\nL 42.5 8.5 9<br \/>\nXL 44 9.5 10<br \/>\nXXL 45 10.5 11<br \/>\nXXXL 46 11.0 12<\/p>\n","protected":false},"excerpt":{"rendered":"<p>Dieses Kaltwasser-Accessoire hilft, Ihre F\u00fc\u00dfe vor K\u00e4lte zu isolieren, sodass Sie l\u00e4nger bequem schwimmen k\u00f6nnen.<\/p>\n<p>Orca<\/p>\n","protected":false},"featured_media":1161,"comment_status":"closed","ping_status":"closed","template":"","meta":[],"product_brand":[331],"product_cat":[68,58],"product_tag":[],"class_list":{"0":"post-8720","1":"product","2":"type-product","3":"status-publish","4":"has-post-thumbnail","6":"product_brand-orca","7":"product_cat-andere-zubehoerartikel","8":"product_cat-zubehor","10":"first","11":"instock","12":"shipping-taxable","13":"purchasable","14":"product-type-variable"},"_links":{"self":[{"href":"https:\/\/natation.ch\/de\/wp-json\/wp\/v2\/product\/8720","targetHints":{"allow":["GET"]}}],"collection":[{"href":"https:\/\/natation.ch\/de\/wp-json\/wp\/v2\/product"}],"about":[{"href":"https:\/\/natation.ch\/de\/wp-json\/wp\/v2\/types\/product"}],"replies":[{"embeddable":true,"href":"https:\/\/natation.ch\/de\/wp-json\/wp\/v2\/comments?post=8720"}],"wp:featuredmedia":[{"embeddable":true,"href":"https:\/\/natation.ch\/de\/wp-json\/wp\/v2\/media\/1161"}],"wp:attachment":[{"href":"https:\/\/natation.ch\/de\/wp-json\/wp\/v2\/media?parent=8720"}],"wp:term":[{"taxonomy":"product_brand","embeddable":true,"href":"https:\/\/natation.ch\/de\/wp-json\/wp\/v2\/product_brand?post=8720"},{"taxonomy":"product_cat","embeddable":true,"href":"https:\/\/natation.ch\/de\/wp-json\/wp\/v2\/product_cat?post=8720"},{"taxonomy":"product_tag","embeddable":true,"href":"https:\/\/natation.ch\/de\/wp-json\/wp\/v2\/product_tag?post=8720"}],"curies":[{"name":"wp","href":"https:\/\/api.w.org\/{rel}","templated":true}]}}