{"id":8559,"date":"2025-11-22T14:49:26","date_gmt":"2025-11-22T14:49:26","guid":{"rendered":"https:\/\/natation.ch\/product\/forearm-fulcrum-paddles\/"},"modified":"2026-01-04T20:36:18","modified_gmt":"2026-01-04T20:36:18","slug":"forearm-fulcrum-paddles","status":"publish","type":"product","link":"https:\/\/natation.ch\/de\/produkt\/forearm-fulcrum-paddles\/","title":{"rendered":"Forearm Fulcrum Paddles"},"content":{"rendered":"<p><span class=\"s1\">Die Forearm Fulcrums f\u00f6rdern eine fr\u00fche vertikale Unterarmposition (EVF) und erh\u00f6hen die Schwimmeffizienz. Eine EVF-Position nutzt den gesamten <\/span>Unterarm w\u00e4hrend des Zugs, von den Fingerspitzen bis zum Ellbogen. Die Forearm Fulcrums f\u00f6rdern die Verfeinerung des Schwimmzugs durch Muskelged\u00e4chtnis f\u00fcr die korrekte Hand-, Handgelenk- und Unterarmposition. Die Forearm Fulcrums verbessern die Effizienz und erm\u00f6glichen einen starken, ununterbrochenen Zug vom Beginn des Schwimmzugs bis zum Ende. Die Forearm Fulcrums sind ein vielseitiges Hilfsmittel f\u00fcr alle vier Schwimmstile.<\/p>\n","protected":false},"excerpt":{"rendered":"<p><span class=\"s1\">Die Forearm Fulcrums f\u00f6rdern eine fr\u00fche vertikale Unterarmposition (EVF) und erh\u00f6hen die Schwimmeffizienz. Eine EVF-Position nutzt den gesamten <\/span>Unterarm w\u00e4hrend des Zugs, von den Fingerspitzen bis zum Ellbogen. Die Forearm Fulcrums f\u00f6rdern die Verfeinerung des Schwimmzugs durch Muskelged\u00e4chtnis f\u00fcr die korrekte Hand-, Handgelenk- und Unterarmposition. Die Forearm Fulcrums verbessern die Effizienz und erm\u00f6glichen einen starken, ununterbrochenen Zug vom Beginn des Schwimmzugs bis zum Ende. Die Forearm Fulcrums sind ein vielseitiges Hilfsmittel f\u00fcr alle vier Schwimmstile.<\/p>\n<p>Finis<\/p>\n","protected":false},"featured_media":234,"comment_status":"closed","ping_status":"closed","template":"","meta":[],"product_brand":[327],"product_cat":[73,86],"product_tag":[],"class_list":{"0":"post-8559","1":"product","2":"type-product","3":"status-publish","4":"has-post-thumbnail","6":"product_brand-finis","7":"product_cat-equipment","8":"product_cat-paddle","10":"first","11":"instock","12":"shipping-taxable","13":"purchasable","14":"product-type-simple"},"_links":{"self":[{"href":"https:\/\/natation.ch\/de\/wp-json\/wp\/v2\/product\/8559","targetHints":{"allow":["GET"]}}],"collection":[{"href":"https:\/\/natation.ch\/de\/wp-json\/wp\/v2\/product"}],"about":[{"href":"https:\/\/natation.ch\/de\/wp-json\/wp\/v2\/types\/product"}],"replies":[{"embeddable":true,"href":"https:\/\/natation.ch\/de\/wp-json\/wp\/v2\/comments?post=8559"}],"wp:featuredmedia":[{"embeddable":true,"href":"https:\/\/natation.ch\/de\/wp-json\/wp\/v2\/media\/234"}],"wp:attachment":[{"href":"https:\/\/natation.ch\/de\/wp-json\/wp\/v2\/media?parent=8559"}],"wp:term":[{"taxonomy":"product_brand","embeddable":true,"href":"https:\/\/natation.ch\/de\/wp-json\/wp\/v2\/product_brand?post=8559"},{"taxonomy":"product_cat","embeddable":true,"href":"https:\/\/natation.ch\/de\/wp-json\/wp\/v2\/product_cat?post=8559"},{"taxonomy":"product_tag","embeddable":true,"href":"https:\/\/natation.ch\/de\/wp-json\/wp\/v2\/product_tag?post=8559"}],"curies":[{"name":"wp","href":"https:\/\/api.w.org\/{rel}","templated":true}]}}