{"id":8517,"date":"2025-11-22T14:54:18","date_gmt":"2025-11-22T14:54:18","guid":{"rendered":"https:\/\/natation.ch\/product\/freestyler-hand-paddle\/"},"modified":"2026-01-02T20:04:21","modified_gmt":"2026-01-02T20:04:21","slug":"freestyler-hand-paddle","status":"publish","type":"product","link":"https:\/\/natation.ch\/de\/produkt\/freestyler-hand-paddle\/","title":{"rendered":"Freestyler Hand paddle"},"content":{"rendered":"<p>VERBESSERTE SCHWIMMTECHNIK: Verbessert die K\u00f6rperhaltung durch optimierten Handeintritt und Vermeidung von \u00dcberkreuzen; Speziell f\u00fcr das Freistil-Training entwickelt<br \/>\nERH\u00d6HT DIE KRAFT: Bietet zus\u00e4tzlichen Widerstand zum Muskelaufbau<br \/>\nHYDRODYNAMISCHES DESIGN: Die Surfbrettform reduziert den Widerstand im Wasser und gleitet die Hand nach vorne, wodurch jeder Zug verl\u00e4ngert wird<br \/>\nSOFORTIGES FEEDBACK: Der patentierte Skeg an der Unterseite des Paddels liefert sofortiges Zug-Feedback, optimiert und begradigt den Handeintritt<br \/>\nREDUZIERT SCHULTERBELASTUNG: Verhindert das \u00dcberkreuzen beim Handeintritt, das Schulterverletzungen verursacht<\/p>\n","protected":false},"excerpt":{"rendered":"<p>Speziell f\u00fcr das Freistil-Training entwickelt, gleiten die Freestyler Handpaddel die Hand durch das Wasser nach vorne und verbessern so die Reichweite und den Weg pro Zug. Mit ihrer langen Flossenform und dem einzigartigen Skeg-Design f\u00f6rdern die Freestyler Handpaddel einen kr\u00e4ftigen Durchzug, eine bessere H\u00fcftrotation und erh\u00f6hte Effizienz. Ein verstellbarer Fingerriemen bietet eine perfekte Passform, und die schmale Oberfl\u00e4che hilft, Schulterbelastungen vorzubeugen.<\/p>\n<p>Finis<\/p>\n","protected":false},"featured_media":1263,"comment_status":"closed","ping_status":"closed","template":"","meta":[],"product_brand":[327],"product_cat":[73,86,338],"product_tag":[],"class_list":{"0":"post-8517","1":"product","2":"type-product","3":"status-publish","4":"has-post-thumbnail","6":"product_brand-finis","7":"product_cat-equipment","8":"product_cat-paddle","9":"product_cat-sales","11":"first","12":"instock","13":"sale","14":"shipping-taxable","15":"purchasable","16":"product-type-simple"},"_links":{"self":[{"href":"https:\/\/natation.ch\/de\/wp-json\/wp\/v2\/product\/8517","targetHints":{"allow":["GET"]}}],"collection":[{"href":"https:\/\/natation.ch\/de\/wp-json\/wp\/v2\/product"}],"about":[{"href":"https:\/\/natation.ch\/de\/wp-json\/wp\/v2\/types\/product"}],"replies":[{"embeddable":true,"href":"https:\/\/natation.ch\/de\/wp-json\/wp\/v2\/comments?post=8517"}],"wp:featuredmedia":[{"embeddable":true,"href":"https:\/\/natation.ch\/de\/wp-json\/wp\/v2\/media\/1263"}],"wp:attachment":[{"href":"https:\/\/natation.ch\/de\/wp-json\/wp\/v2\/media?parent=8517"}],"wp:term":[{"taxonomy":"product_brand","embeddable":true,"href":"https:\/\/natation.ch\/de\/wp-json\/wp\/v2\/product_brand?post=8517"},{"taxonomy":"product_cat","embeddable":true,"href":"https:\/\/natation.ch\/de\/wp-json\/wp\/v2\/product_cat?post=8517"},{"taxonomy":"product_tag","embeddable":true,"href":"https:\/\/natation.ch\/de\/wp-json\/wp\/v2\/product_tag?post=8517"}],"curies":[{"name":"wp","href":"https:\/\/api.w.org\/{rel}","templated":true}]}}