{"id":8514,"date":"2025-11-22T14:49:26","date_gmt":"2025-11-22T14:49:26","guid":{"rendered":"https:\/\/natation.ch\/product\/freestyle-snorkel\/"},"modified":"2026-01-04T20:38:03","modified_gmt":"2026-01-04T20:38:03","slug":"freestyle-snorkel","status":"publish","type":"product","link":"https:\/\/natation.ch\/de\/produkt\/freestyle-snorkel\/","title":{"rendered":"Freestyle Snorkel"},"content":{"rendered":"","protected":false},"excerpt":{"rendered":"<p><span class=\"s1\">Der Freestyle-Schnorchel erm\u00f6glicht es Schwimmern, sich auf die Kraultechnik zu konzentrieren, ohne den Kopf zum Atmen drehen zu m\u00fcssen. Das gebogene Design <\/span>f\u00f6rdert eine korrekte Kopfposition und K\u00f6rperausrichtung, um die Effizienz des Schwimmzugs zu maximieren. Dank verst\u00e4rkter Stabilit\u00e4t erm\u00f6glicht der Freestyle-Schnorchel volle Bewegungsfreiheit bei allen Geschwindigkeiten, einschlie\u00dflich Rollwenden.<\/p>\n<p>Finis<\/p>\n","protected":false},"featured_media":238,"comment_status":"closed","ping_status":"closed","template":"","meta":[],"product_brand":[327],"product_cat":[73,91],"product_tag":[],"class_list":{"0":"post-8514","1":"product","2":"type-product","3":"status-publish","4":"has-post-thumbnail","6":"product_brand-finis","7":"product_cat-equipment","8":"product_cat-snorkel","10":"first","11":"instock","12":"sale","13":"shipping-taxable","14":"purchasable","15":"product-type-simple"},"_links":{"self":[{"href":"https:\/\/natation.ch\/de\/wp-json\/wp\/v2\/product\/8514","targetHints":{"allow":["GET"]}}],"collection":[{"href":"https:\/\/natation.ch\/de\/wp-json\/wp\/v2\/product"}],"about":[{"href":"https:\/\/natation.ch\/de\/wp-json\/wp\/v2\/types\/product"}],"replies":[{"embeddable":true,"href":"https:\/\/natation.ch\/de\/wp-json\/wp\/v2\/comments?post=8514"}],"wp:featuredmedia":[{"embeddable":true,"href":"https:\/\/natation.ch\/de\/wp-json\/wp\/v2\/media\/238"}],"wp:attachment":[{"href":"https:\/\/natation.ch\/de\/wp-json\/wp\/v2\/media?parent=8514"}],"wp:term":[{"taxonomy":"product_brand","embeddable":true,"href":"https:\/\/natation.ch\/de\/wp-json\/wp\/v2\/product_brand?post=8514"},{"taxonomy":"product_cat","embeddable":true,"href":"https:\/\/natation.ch\/de\/wp-json\/wp\/v2\/product_cat?post=8514"},{"taxonomy":"product_tag","embeddable":true,"href":"https:\/\/natation.ch\/de\/wp-json\/wp\/v2\/product_tag?post=8514"}],"curies":[{"name":"wp","href":"https:\/\/api.w.org\/{rel}","templated":true}]}}