{"id":8510,"date":"2025-11-22T14:49:26","date_gmt":"2025-11-22T14:49:26","guid":{"rendered":"https:\/\/natation.ch\/product\/instinct-paddel\/"},"modified":"2026-01-04T20:39:38","modified_gmt":"2026-01-04T20:39:38","slug":"instinct-paddel","status":"publish","type":"product","link":"https:\/\/natation.ch\/de\/produkt\/instinct-paddel\/","title":{"rendered":"Instinct Paddel"},"content":{"rendered":"","protected":false},"excerpt":{"rendered":"<p>Das riemenlose Design der Paddel erh\u00f6ht das Schlaggef\u00fchl zur Verbesserung der Technik.<span class=\"s1\">Das ergonomisch fortschrittliche Design der Instinct Sculling Paddel hilft Schwimmern, die korrekte handfl\u00e4chenpositive Handposition beim Sculling zu erlernen.<\/span> Das konvexe Design der Instinct Sculling Paddel f\u00f6rdert einen fr\u00fchen Wasserfassen und eine fr\u00fche vertikale Unterarmposition bei der Sculling-Bewegung. Die Instinct Sculling Paddel sind ein vielseitiges Hilfsmittel f\u00fcr alle vier Schwimmstile und sind in zwei Gr\u00f6\u00dfen erh\u00e4ltlich: Medium &amp; Large.<\/p>\n<p>Finis<\/p>\n","protected":false},"featured_media":242,"comment_status":"closed","ping_status":"closed","template":"","meta":[],"product_brand":[327],"product_cat":[73,86],"product_tag":[],"class_list":{"0":"post-8510","1":"product","2":"type-product","3":"status-publish","4":"has-post-thumbnail","6":"product_brand-finis","7":"product_cat-equipment","8":"product_cat-paddle","10":"first","11":"instock","12":"shipping-taxable","13":"purchasable","14":"product-type-variable"},"_links":{"self":[{"href":"https:\/\/natation.ch\/de\/wp-json\/wp\/v2\/product\/8510","targetHints":{"allow":["GET"]}}],"collection":[{"href":"https:\/\/natation.ch\/de\/wp-json\/wp\/v2\/product"}],"about":[{"href":"https:\/\/natation.ch\/de\/wp-json\/wp\/v2\/types\/product"}],"replies":[{"embeddable":true,"href":"https:\/\/natation.ch\/de\/wp-json\/wp\/v2\/comments?post=8510"}],"wp:featuredmedia":[{"embeddable":true,"href":"https:\/\/natation.ch\/de\/wp-json\/wp\/v2\/media\/242"}],"wp:attachment":[{"href":"https:\/\/natation.ch\/de\/wp-json\/wp\/v2\/media?parent=8510"}],"wp:term":[{"taxonomy":"product_brand","embeddable":true,"href":"https:\/\/natation.ch\/de\/wp-json\/wp\/v2\/product_brand?post=8510"},{"taxonomy":"product_cat","embeddable":true,"href":"https:\/\/natation.ch\/de\/wp-json\/wp\/v2\/product_cat?post=8510"},{"taxonomy":"product_tag","embeddable":true,"href":"https:\/\/natation.ch\/de\/wp-json\/wp\/v2\/product_tag?post=8510"}],"curies":[{"name":"wp","href":"https:\/\/api.w.org\/{rel}","templated":true}]}}