{"id":8502,"date":"2025-11-22T14:49:25","date_gmt":"2025-11-22T14:49:25","guid":{"rendered":"https:\/\/natation.ch\/product\/finger-paddle\/"},"modified":"2025-11-22T14:49:25","modified_gmt":"2025-11-22T14:49:25","slug":"finger-paddle","status":"publish","type":"product","link":"https:\/\/natation.ch\/de\/produkt\/finger-paddle\/","title":{"rendered":"Finger-Paddle"},"content":{"rendered":"<p>Mit dem Biofuse Finger-Paddel k\u00f6nnen Sie sich auf die Handpositionierung im Becken konzentrieren und diese verbessern, einschlie\u00dflich der Fangposition und des Armzugs. Dadurch, dass die Oberfl\u00e4che der Handfl\u00e4che freiliegt, bietet es ein besseres Gef\u00fchl f\u00fcr das Wasser und entlastet gleichzeitig die Schultern. Verbessern Sie die Oberk\u00f6rperkraft mit dem Biofuse Finger-Paddel, da es maximalen Widerstand im Wasser erzeugt. Mehr Widerstand bedeutet mehr Kraft, mehr K\u00f6rperst\u00e4rke und ein intensiveres Training.<\/p>\n","protected":false},"excerpt":{"rendered":"<p>Speedo<br \/>\nDas Biofuse Finger-Paddel erm\u00f6glicht es Ihnen, sich auf die Handpositionierung im Becken zu konzentrieren und diese zu verbessern, einschlie\u00dflich der Fangposition und des Armzugs. Dadurch, dass die Oberfl\u00e4che der Handfl\u00e4che freiliegt, bietet es ein besseres Gef\u00fchl f\u00fcr das Wasser und entlastet gleichzeitig die Schultern. Verbessern Sie die Oberk\u00f6rperkraft mit dem Biofuse Finger-Paddel, da es maximalen Widerstand im Wasser erzeugt. Mehr Widerstand bedeutet mehr Kraft, mehr K\u00f6rperst\u00e4rke und ein intensiveres Training.<\/p>\n","protected":false},"featured_media":2494,"comment_status":"closed","ping_status":"closed","template":"","meta":[],"product_brand":[330],"product_cat":[73,86],"product_tag":[],"class_list":{"0":"post-8502","1":"product","2":"type-product","3":"status-publish","4":"has-post-thumbnail","6":"product_brand-speedo","7":"product_cat-equipment","8":"product_cat-paddle","10":"first","11":"instock","12":"shipping-taxable","13":"purchasable","14":"product-type-simple"},"_links":{"self":[{"href":"https:\/\/natation.ch\/de\/wp-json\/wp\/v2\/product\/8502","targetHints":{"allow":["GET"]}}],"collection":[{"href":"https:\/\/natation.ch\/de\/wp-json\/wp\/v2\/product"}],"about":[{"href":"https:\/\/natation.ch\/de\/wp-json\/wp\/v2\/types\/product"}],"replies":[{"embeddable":true,"href":"https:\/\/natation.ch\/de\/wp-json\/wp\/v2\/comments?post=8502"}],"wp:featuredmedia":[{"embeddable":true,"href":"https:\/\/natation.ch\/de\/wp-json\/wp\/v2\/media\/2494"}],"wp:attachment":[{"href":"https:\/\/natation.ch\/de\/wp-json\/wp\/v2\/media?parent=8502"}],"wp:term":[{"taxonomy":"product_brand","embeddable":true,"href":"https:\/\/natation.ch\/de\/wp-json\/wp\/v2\/product_brand?post=8502"},{"taxonomy":"product_cat","embeddable":true,"href":"https:\/\/natation.ch\/de\/wp-json\/wp\/v2\/product_cat?post=8502"},{"taxonomy":"product_tag","embeddable":true,"href":"https:\/\/natation.ch\/de\/wp-json\/wp\/v2\/product_tag?post=8502"}],"curies":[{"name":"wp","href":"https:\/\/api.w.org\/{rel}","templated":true}]}}