{"id":8495,"date":"2025-11-22T14:49:25","date_gmt":"2025-11-22T14:49:25","guid":{"rendered":"https:\/\/natation.ch\/product\/foam-pull-buoy\/"},"modified":"2025-11-22T14:49:25","modified_gmt":"2025-11-22T14:49:25","slug":"foam-pull-buoy","status":"publish","type":"product","link":"https:\/\/natation.ch\/de\/produkt\/foam-pull-buoy\/","title":{"rendered":"FOAM Pull Buoy"},"content":{"rendered":"<p>Der Foam Pull Buoy fixiert die Beine und bietet Auftrieb, um die Oberk\u00f6rperkraft zu st\u00e4rken und den Fokus auf die richtige H\u00fcftrotation zu erh\u00f6hen. Der Foam Pull Buoy richtet den K\u00f6rper von Kopf bis Fu\u00df aus und verbessert die Symmetrie. Hergestellt aus EVA-Schaumstoff, der nicht scheuert oder die Haut reizt.  <\/p>\n","protected":false},"excerpt":{"rendered":"<p>Finis<\/p>\n<p>Der Foam Pull Buoy fixiert die Beine und bietet Auftrieb, um die Oberk\u00f6rperkraft zu st\u00e4rken und den Fokus auf die richtige H\u00fcftrotation zu erh\u00f6hen. Der Foam Pull Buoy richtet den K\u00f6rper von Kopf bis Fu\u00df aus und verbessert die Symmetrie. Hergestellt aus EVA-Schaumstoff, der nicht scheuert oder die Haut reizt.  <\/p>\n","protected":false},"featured_media":144,"comment_status":"closed","ping_status":"closed","template":"","meta":[],"product_brand":[327],"product_cat":[73,88],"product_tag":[],"class_list":{"0":"post-8495","1":"product","2":"type-product","3":"status-publish","4":"has-post-thumbnail","6":"product_brand-finis","7":"product_cat-equipment","8":"product_cat-pullbuoy","10":"first","11":"instock","12":"shipping-taxable","13":"purchasable","14":"product-type-variable"},"_links":{"self":[{"href":"https:\/\/natation.ch\/de\/wp-json\/wp\/v2\/product\/8495","targetHints":{"allow":["GET"]}}],"collection":[{"href":"https:\/\/natation.ch\/de\/wp-json\/wp\/v2\/product"}],"about":[{"href":"https:\/\/natation.ch\/de\/wp-json\/wp\/v2\/types\/product"}],"replies":[{"embeddable":true,"href":"https:\/\/natation.ch\/de\/wp-json\/wp\/v2\/comments?post=8495"}],"wp:featuredmedia":[{"embeddable":true,"href":"https:\/\/natation.ch\/de\/wp-json\/wp\/v2\/media\/144"}],"wp:attachment":[{"href":"https:\/\/natation.ch\/de\/wp-json\/wp\/v2\/media?parent=8495"}],"wp:term":[{"taxonomy":"product_brand","embeddable":true,"href":"https:\/\/natation.ch\/de\/wp-json\/wp\/v2\/product_brand?post=8495"},{"taxonomy":"product_cat","embeddable":true,"href":"https:\/\/natation.ch\/de\/wp-json\/wp\/v2\/product_cat?post=8495"},{"taxonomy":"product_tag","embeddable":true,"href":"https:\/\/natation.ch\/de\/wp-json\/wp\/v2\/product_tag?post=8495"}],"curies":[{"name":"wp","href":"https:\/\/api.w.org\/{rel}","templated":true}]}}