{"id":8450,"date":"2025-11-22T14:51:50","date_gmt":"2025-11-22T14:51:50","guid":{"rendered":"https:\/\/natation.ch\/product\/cobra-ultra-swipe-mirror\/"},"modified":"2026-02-28T11:19:31","modified_gmt":"2026-02-28T11:19:31","slug":"cobra-ultra-swipe-mirror","status":"publish","type":"product","link":"https:\/\/natation.ch\/de\/produkt\/cobra-ultra-swipe-mirror\/","title":{"rendered":"Cobra Ultra Swipe Mirror"},"content":{"rendered":"<p>70 % Polycarbonat, 20 % Silikon, 8 % thermoplastisches Elastomer, 2 % Polyurethan<\/p>\n<p>Hydrodynamik \/ stabiler Sitz<\/p>\n","protected":false},"excerpt":{"rendered":"<p>Das Cobra-Design bietet die gleiche unglaubliche Hydrodynamik und erweiterte seitliche Sicht wie die Cobra Core in einem komfortablen und stromlinienf\u00f6rmigen Design. Die Cobra Ultra mit der No Leak, No Fog, Max Comfort-Technologie von Arena bietet eine beeindruckende Sicht nach vorne und Geschwindigkeit in einem aggressiven Design mit gr\u00f6\u00dferer Linsentiefe f\u00fcr mehr Komfort und Wimpernfreiheit.<\/p>\n<p>Arena<\/p>\n","protected":false},"featured_media":607,"comment_status":"closed","ping_status":"closed","template":"","meta":[],"product_brand":[329],"product_cat":[73,76],"product_tag":[],"class_list":{"0":"post-8450","1":"product","2":"type-product","3":"status-publish","4":"has-post-thumbnail","6":"product_brand-arena","7":"product_cat-equipment","8":"product_cat-schwimbrille","10":"first","11":"instock","12":"sale","13":"shipping-taxable","14":"purchasable","15":"product-type-variable"},"_links":{"self":[{"href":"https:\/\/natation.ch\/de\/wp-json\/wp\/v2\/product\/8450","targetHints":{"allow":["GET"]}}],"collection":[{"href":"https:\/\/natation.ch\/de\/wp-json\/wp\/v2\/product"}],"about":[{"href":"https:\/\/natation.ch\/de\/wp-json\/wp\/v2\/types\/product"}],"replies":[{"embeddable":true,"href":"https:\/\/natation.ch\/de\/wp-json\/wp\/v2\/comments?post=8450"}],"wp:featuredmedia":[{"embeddable":true,"href":"https:\/\/natation.ch\/de\/wp-json\/wp\/v2\/media\/607"}],"wp:attachment":[{"href":"https:\/\/natation.ch\/de\/wp-json\/wp\/v2\/media?parent=8450"}],"wp:term":[{"taxonomy":"product_brand","embeddable":true,"href":"https:\/\/natation.ch\/de\/wp-json\/wp\/v2\/product_brand?post=8450"},{"taxonomy":"product_cat","embeddable":true,"href":"https:\/\/natation.ch\/de\/wp-json\/wp\/v2\/product_cat?post=8450"},{"taxonomy":"product_tag","embeddable":true,"href":"https:\/\/natation.ch\/de\/wp-json\/wp\/v2\/product_tag?post=8450"}],"curies":[{"name":"wp","href":"https:\/\/api.w.org\/{rel}","templated":true}]}}