{"id":8376,"date":"2025-11-22T14:54:19","date_gmt":"2025-11-22T14:54:19","guid":{"rendered":"https:\/\/natation.ch\/product\/predator-flex-reactor\/"},"modified":"2025-11-22T14:54:19","modified_gmt":"2025-11-22T14:54:19","slug":"predator-flex-reactor","status":"publish","type":"product","link":"https:\/\/natation.ch\/de\/produkt\/predator-flex-reactor\/","title":{"rendered":"Predator Flex Reactor"},"content":{"rendered":"<ul>\n<li>Photochrome, selbstt\u00f6nende Gl\u00e4ser, ideal f\u00fcr das Schwimmen im Freien und in der Halle.<\/li>\n<li>Titanbeschichtete Gl\u00e4ser reduzieren Blendung und Augenerm\u00fcdung.<\/li>\n<li>Reaktive Gl\u00e4ser sind ideal f\u00fcr lange Freiwasserschwimmen und Hallenbadbedingungen.<\/li>\n<li>Einzigartige 4 Flexpoint Technology\u2122 f\u00fcr verbesserte Rahmenflexibilit\u00e4t.<\/li>\n<li>CLT\u2122 \u2013 Curved Lens Technology bietet 180-Grad-Peripheriesicht.<\/li>\n<li>Gr\u00f6\u00dferer Rahmen bietet super bequemen Sitz.<\/li>\n<li>Fogbuster\u2122 Anti-Beschlag-Gl\u00e4ser bieten au\u00dfergew\u00f6hnliche Feuchtigkeitsregulierung.<\/li>\n<li>Maximaler UV-Schutz.<\/li>\n<li>Klare Dichtungen lassen die Gl\u00e4ser schneller auf wechselnde Lichtverh\u00e4ltnisse reagieren.<\/li>\n<li>Superweiche Silikondichtung f\u00fcr ultimativen Komfort und Passform.<\/li>\n<li>Schnell verstellbares Silikonband f\u00fcr fantastische St\u00e4rke, Komfort und Haltbarkeit.<\/li>\n<li>Geteiltes Kopfband reduziert den Druck auf das Gesicht des Schwimmers.<\/li>\n<li>Eine praktische Schwimmbrille f\u00fcr wechselnde Bedingungen und das t\u00e4gliche Training.<\/li>\n<li>Inklusive Schutzh\u00fclle zum Schutz der Schwimmbrille.<\/li>\n<li>Ausgezeichnet mit dem \u201eEditor&#8217;s Choice\u201c des 220 Triathlon Magazins.<\/li>\n<li>FINA-zugelassen.<\/li>\n<\/ul>\n","protected":false},"excerpt":{"rendered":"<p>Unsere Zoggs Original Predator Flex Reactor Schwimmbrille verf\u00fcgt \u00fcber unsere bisher fortschrittlichste Glastechnologie.<br \/>\nGrau-Orange<\/p>\n","protected":false},"featured_media":1307,"comment_status":"closed","ping_status":"closed","template":"","meta":[],"product_brand":[558],"product_cat":[73,76],"product_tag":[],"class_list":{"0":"post-8376","1":"product","2":"type-product","3":"status-publish","4":"has-post-thumbnail","6":"product_brand-zoggs","7":"product_cat-equipment","8":"product_cat-schwimbrille","10":"first","11":"instock","12":"sale","13":"shipping-taxable","14":"purchasable","15":"product-type-simple"},"_links":{"self":[{"href":"https:\/\/natation.ch\/de\/wp-json\/wp\/v2\/product\/8376","targetHints":{"allow":["GET"]}}],"collection":[{"href":"https:\/\/natation.ch\/de\/wp-json\/wp\/v2\/product"}],"about":[{"href":"https:\/\/natation.ch\/de\/wp-json\/wp\/v2\/types\/product"}],"replies":[{"embeddable":true,"href":"https:\/\/natation.ch\/de\/wp-json\/wp\/v2\/comments?post=8376"}],"wp:featuredmedia":[{"embeddable":true,"href":"https:\/\/natation.ch\/de\/wp-json\/wp\/v2\/media\/1307"}],"wp:attachment":[{"href":"https:\/\/natation.ch\/de\/wp-json\/wp\/v2\/media?parent=8376"}],"wp:term":[{"taxonomy":"product_brand","embeddable":true,"href":"https:\/\/natation.ch\/de\/wp-json\/wp\/v2\/product_brand?post=8376"},{"taxonomy":"product_cat","embeddable":true,"href":"https:\/\/natation.ch\/de\/wp-json\/wp\/v2\/product_cat?post=8376"},{"taxonomy":"product_tag","embeddable":true,"href":"https:\/\/natation.ch\/de\/wp-json\/wp\/v2\/product_tag?post=8376"}],"curies":[{"name":"wp","href":"https:\/\/api.w.org\/{rel}","templated":true}]}}