{"id":8356,"date":"2025-11-22T14:56:05","date_gmt":"2025-11-22T14:56:05","guid":{"rendered":"https:\/\/natation.ch\/product\/powerfins-pro-ii\/"},"modified":"2025-11-22T14:56:05","modified_gmt":"2025-11-22T14:56:05","slug":"powerfins-pro-ii","status":"publish","type":"product","link":"https:\/\/natation.ch\/de\/produkt\/powerfins-pro-ii\/","title":{"rendered":"powerfins pro II"},"content":{"rendered":"<p>Das sind die Flossen, auf die alle professionellen Schwimmer gewartet haben. Ihr innovatives Design verf\u00fcgt \u00fcber eine abgeschr\u00e4gte Oberfl\u00e4che und hydrodynamische Schlitze im oberen Bereich, die Ihnen einen schnelleren Beinschlag und bessere Kontrolle beim Schwimmen erm\u00f6glichen. Die offene Ferse gew\u00e4hrleistet die bestm\u00f6gliche Flexibilit\u00e4t des Kn\u00f6chels, was eine schnellere Aufw\u00e4rtsbewegung und einen kraftvolleren Abw\u00e4rts-Beinschlag erm\u00f6glicht.<\/p>\n<p>Das vertikale Beintraining mit Powerfin Pros f\u00fcr nur wenige Minuten am Tag wird Ihnen helfen, Ihre Unterwasserphase zu verbessern. Der vertikale Beinschlag erm\u00f6glicht es Ihnen, sowohl Ihre K\u00f6rperposition zu kontrollieren als auch sicherzustellen, dass Sie einen korrekten Beinschlag ausf\u00fchren.<\/p>\n","protected":false},"excerpt":{"rendered":"<p>Powerfin Pros sind \u00e4u\u00dferst n\u00fctzlich f\u00fcr spezifische Trainingseinheiten zur Verbesserung Ihres Beinschlags.<br \/>\nArena<\/p>\n","protected":false},"featured_media":1594,"comment_status":"closed","ping_status":"closed","template":"","meta":[],"product_brand":[329],"product_cat":[73,334],"product_tag":[],"class_list":{"0":"post-8356","1":"product","2":"type-product","3":"status-publish","4":"has-post-thumbnail","6":"product_brand-arena","7":"product_cat-equipment","8":"product_cat-flossen","10":"first","11":"instock","12":"sale","13":"shipping-taxable","14":"purchasable","15":"product-type-variable"},"_links":{"self":[{"href":"https:\/\/natation.ch\/de\/wp-json\/wp\/v2\/product\/8356","targetHints":{"allow":["GET"]}}],"collection":[{"href":"https:\/\/natation.ch\/de\/wp-json\/wp\/v2\/product"}],"about":[{"href":"https:\/\/natation.ch\/de\/wp-json\/wp\/v2\/types\/product"}],"replies":[{"embeddable":true,"href":"https:\/\/natation.ch\/de\/wp-json\/wp\/v2\/comments?post=8356"}],"wp:featuredmedia":[{"embeddable":true,"href":"https:\/\/natation.ch\/de\/wp-json\/wp\/v2\/media\/1594"}],"wp:attachment":[{"href":"https:\/\/natation.ch\/de\/wp-json\/wp\/v2\/media?parent=8356"}],"wp:term":[{"taxonomy":"product_brand","embeddable":true,"href":"https:\/\/natation.ch\/de\/wp-json\/wp\/v2\/product_brand?post=8356"},{"taxonomy":"product_cat","embeddable":true,"href":"https:\/\/natation.ch\/de\/wp-json\/wp\/v2\/product_cat?post=8356"},{"taxonomy":"product_tag","embeddable":true,"href":"https:\/\/natation.ch\/de\/wp-json\/wp\/v2\/product_tag?post=8356"}],"curies":[{"name":"wp","href":"https:\/\/api.w.org\/{rel}","templated":true}]}}