{"id":8336,"date":"2025-11-22T14:55:42","date_gmt":"2025-11-22T14:55:42","guid":{"rendered":"https:\/\/natation.ch\/product\/venom-hero-women-openback-tiffany-violet\/"},"modified":"2025-11-22T14:55:42","modified_gmt":"2025-11-22T14:55:42","slug":"venom-hero-women-openback-tiffany-violet","status":"publish","type":"product","link":"https:\/\/natation.ch\/de\/produkt\/venom-hero-women-openback-tiffany-violet\/","title":{"rendered":"Venom Hero Women Openback Tiffany \/ Violet"},"content":{"rendered":"<p>V = Velocity \u2013 unser prim\u00e4res Ziel bei der Entwicklung dieses Produkts: den leistungsst\u00e4rksten Rennanzug aller Zeiten zu kreieren; E = Engineering \u2013 das Ergebnis der gemeinsamen Arbeit unserer Forschungs- und Entwicklungsabteilung; N = New \u2013 neu in seiner Kategorie, neu in seiner Technologie, neu in seinem Design; O = Original \u2013 urspr\u00fcnglich von AKRON; M = Manufacturing \u2013 da 100 % unserer Rennsportkollektion stolz in Italien hergestellt wird. FINA-Zulassung: von der FINA f\u00fcr nationale und internationale Schwimmwettk\u00e4mpfe zugelassen. FINA-zugelassene Badeanz\u00fcge haben einen einzigartigen FINA-Barcode auf dem Badeanzug aufgedruckt, wodurch er f\u00fcr Schwimmfunktion\u00e4re leicht identifizierbar ist. VENOM, f\u00fcr Geschwindigkeit konzipiert, wird AKRONs \u201ePremium\u201c-Linie repr\u00e4sentieren. Die ergonomische Flachnahtkonstruktion hilft, wichtige Muskelgruppen schneller zu regenerieren und doppelte Kompressionsschichten zu bieten. Das \u00e4u\u00dfere Banddesign soll hydrodynamische Turbulenzen reduzieren, den Wassereintritt verringern und das Gleiten f\u00f6rdern. Das spiegelnde Doppel-C-Taping vermittelt das Gef\u00fchl, das Becken beim Schwimmen anzuheben, und erm\u00f6glicht einen gro\u00dfen Bewegungsumfang.<\/p>\n","protected":false},"excerpt":{"rendered":"<p>Offener R\u00fccken<br \/>\nAkron<\/p>\n","protected":false},"featured_media":1516,"comment_status":"closed","ping_status":"closed","template":"","meta":[],"product_brand":[328],"product_cat":[93,338,99],"product_tag":[],"class_list":{"0":"post-8336","1":"product","2":"type-product","3":"status-publish","4":"has-post-thumbnail","6":"product_brand-akron","7":"product_cat-racing","8":"product_cat-sales","9":"product_cat-weiblich","11":"first","12":"instock","13":"sale","14":"shipping-taxable","15":"purchasable","16":"product-type-variable"},"_links":{"self":[{"href":"https:\/\/natation.ch\/de\/wp-json\/wp\/v2\/product\/8336","targetHints":{"allow":["GET"]}}],"collection":[{"href":"https:\/\/natation.ch\/de\/wp-json\/wp\/v2\/product"}],"about":[{"href":"https:\/\/natation.ch\/de\/wp-json\/wp\/v2\/types\/product"}],"replies":[{"embeddable":true,"href":"https:\/\/natation.ch\/de\/wp-json\/wp\/v2\/comments?post=8336"}],"wp:featuredmedia":[{"embeddable":true,"href":"https:\/\/natation.ch\/de\/wp-json\/wp\/v2\/media\/1516"}],"wp:attachment":[{"href":"https:\/\/natation.ch\/de\/wp-json\/wp\/v2\/media?parent=8336"}],"wp:term":[{"taxonomy":"product_brand","embeddable":true,"href":"https:\/\/natation.ch\/de\/wp-json\/wp\/v2\/product_brand?post=8336"},{"taxonomy":"product_cat","embeddable":true,"href":"https:\/\/natation.ch\/de\/wp-json\/wp\/v2\/product_cat?post=8336"},{"taxonomy":"product_tag","embeddable":true,"href":"https:\/\/natation.ch\/de\/wp-json\/wp\/v2\/product_tag?post=8336"}],"curies":[{"name":"wp","href":"https:\/\/api.w.org\/{rel}","templated":true}]}}