{"id":8302,"date":"2025-11-22T14:56:04","date_gmt":"2025-11-22T14:56:04","guid":{"rendered":"https:\/\/natation.ch\/product\/venom-hero-man-tiffany-dark-blue\/"},"modified":"2025-11-22T14:56:04","modified_gmt":"2025-11-22T14:56:04","slug":"venom-hero-man-tiffany-dark-blue","status":"publish","type":"product","link":"https:\/\/natation.ch\/de\/produkt\/venom-hero-man-tiffany-dark-blue\/","title":{"rendered":"Venom Hero Man Tiffany Dark blue"},"content":{"rendered":"<p>V = Geschwindigkeit \u2013 unser erstes Ziel bei der Entwicklung dieses Produkts: den leistungsst\u00e4rksten Rennanzug aller Zeiten zu schaffen; E = Engineering \u2013 das Ergebnis der gemeinsamen Arbeit unserer Forschungs- und Entwicklungsabteilung; N = Neu \u2013 neu in seiner Kategorie, neu in seiner Technologie, neu in seinem Design; O = Original \u2013 urspr\u00fcnglich von AKRON; M = Made \u2013 da 100 % unserer Rennsportkollektion stolz in Italien hergestellt wird. FINA-Zulassung: FINA-zugelassen f\u00fcr nationale und internationale Schwimmwettk\u00e4mpfe. FINA-zugelassene Schwimmanz\u00fcge verf\u00fcgen \u00fcber einen einzigartigen FINA-Barcode, der auf den Schwimmanzug gedruckt ist, wodurch er f\u00fcr Schwimmfunktion\u00e4re leicht identifizierbar ist. VENOM, auf Geschwindigkeit ausgelegt, wird AKRONs &#8216;Premium&#8217;-Linie repr\u00e4sentieren. Die flache, ergonomische Nahtkonstruktion hilft, wichtige Muskelgruppen schneller zu regenerieren und die Kompressionsschichten zu verdoppeln. Das Design des \u00e4u\u00dferen Tapes soll die hydrodynamische Turbulenz reduzieren, den Wassereintritt minimieren und das Gleiten verbessern. Das gespiegelte Doppel-C-Taping vermittelt das Gef\u00fchl, das Becken beim Schwimmen anzuheben, und bietet eine gro\u00dfe Bewegungsfreiheit.<\/p>\n","protected":false},"excerpt":{"rendered":"<p>Akron<br \/>\nRennanzug<\/p>\n","protected":false},"featured_media":1570,"comment_status":"closed","ping_status":"closed","template":"","meta":[],"product_brand":[328],"product_cat":[98,93,338],"product_tag":[],"class_list":{"0":"post-8302","1":"product","2":"type-product","3":"status-publish","4":"has-post-thumbnail","6":"product_brand-akron","7":"product_cat-mannlich","8":"product_cat-racing","9":"product_cat-sales","11":"first","12":"instock","13":"sale","14":"shipping-taxable","15":"purchasable","16":"product-type-variable"},"_links":{"self":[{"href":"https:\/\/natation.ch\/de\/wp-json\/wp\/v2\/product\/8302","targetHints":{"allow":["GET"]}}],"collection":[{"href":"https:\/\/natation.ch\/de\/wp-json\/wp\/v2\/product"}],"about":[{"href":"https:\/\/natation.ch\/de\/wp-json\/wp\/v2\/types\/product"}],"replies":[{"embeddable":true,"href":"https:\/\/natation.ch\/de\/wp-json\/wp\/v2\/comments?post=8302"}],"wp:featuredmedia":[{"embeddable":true,"href":"https:\/\/natation.ch\/de\/wp-json\/wp\/v2\/media\/1570"}],"wp:attachment":[{"href":"https:\/\/natation.ch\/de\/wp-json\/wp\/v2\/media?parent=8302"}],"wp:term":[{"taxonomy":"product_brand","embeddable":true,"href":"https:\/\/natation.ch\/de\/wp-json\/wp\/v2\/product_brand?post=8302"},{"taxonomy":"product_cat","embeddable":true,"href":"https:\/\/natation.ch\/de\/wp-json\/wp\/v2\/product_cat?post=8302"},{"taxonomy":"product_tag","embeddable":true,"href":"https:\/\/natation.ch\/de\/wp-json\/wp\/v2\/product_tag?post=8302"}],"curies":[{"name":"wp","href":"https:\/\/api.w.org\/{rel}","templated":true}]}}