{"id":8240,"date":"2025-11-22T14:56:25","date_gmt":"2025-11-22T14:56:25","guid":{"rendered":"https:\/\/natation.ch\/product\/vortex-evolution-paddle\/"},"modified":"2025-11-22T14:56:25","modified_gmt":"2025-11-22T14:56:25","slug":"vortex-evolution-paddle","status":"publish","type":"product","link":"https:\/\/natation.ch\/de\/produkt\/vortex-evolution-paddle\/","title":{"rendered":"Vortex Evolution Paddle"},"content":{"rendered":"<p>&#8211; Bequeme, ergonomische Handpaddel f\u00fcr Kraft- und Techniktraining<br \/>\n&#8211; Erh\u00f6hter Wasserwiderstand, perforierte Oberfl\u00e4che f\u00fcr optimales Wassergef\u00fchl<br \/>\n&#8211; Strategisch platzierte und verstellbare elastische Riemen f\u00fcr hohen und flexiblen Komfort, PVC-frei<br \/>\n&#8211; Ideal f\u00fcr Leistungsschwimmer<\/p>\n","protected":false},"excerpt":{"rendered":"<p>Dieses spezielle Produkt von arena unterst\u00fctzt erfahrene Schwimmer selbst bei au\u00dfergew\u00f6hnlich harten Trainingseinheiten. Die Besonderheit dieser Paddel ist die ergonomisch gekr\u00fcmmte Form, die einen nat\u00fcrlichen, sicheren und komfortablen Griff unterst\u00fctzt. <\/p>\n","protected":false},"featured_media":1672,"comment_status":"closed","ping_status":"closed","template":"","meta":[],"product_brand":[329],"product_cat":[73,86],"product_tag":[],"class_list":{"0":"post-8240","1":"product","2":"type-product","3":"status-publish","4":"has-post-thumbnail","6":"product_brand-arena","7":"product_cat-equipment","8":"product_cat-paddle","10":"first","11":"instock","12":"sale","13":"shipping-taxable","14":"purchasable","15":"product-type-variable"},"_links":{"self":[{"href":"https:\/\/natation.ch\/de\/wp-json\/wp\/v2\/product\/8240","targetHints":{"allow":["GET"]}}],"collection":[{"href":"https:\/\/natation.ch\/de\/wp-json\/wp\/v2\/product"}],"about":[{"href":"https:\/\/natation.ch\/de\/wp-json\/wp\/v2\/types\/product"}],"replies":[{"embeddable":true,"href":"https:\/\/natation.ch\/de\/wp-json\/wp\/v2\/comments?post=8240"}],"wp:featuredmedia":[{"embeddable":true,"href":"https:\/\/natation.ch\/de\/wp-json\/wp\/v2\/media\/1672"}],"wp:attachment":[{"href":"https:\/\/natation.ch\/de\/wp-json\/wp\/v2\/media?parent=8240"}],"wp:term":[{"taxonomy":"product_brand","embeddable":true,"href":"https:\/\/natation.ch\/de\/wp-json\/wp\/v2\/product_brand?post=8240"},{"taxonomy":"product_cat","embeddable":true,"href":"https:\/\/natation.ch\/de\/wp-json\/wp\/v2\/product_cat?post=8240"},{"taxonomy":"product_tag","embeddable":true,"href":"https:\/\/natation.ch\/de\/wp-json\/wp\/v2\/product_tag?post=8240"}],"curies":[{"name":"wp","href":"https:\/\/api.w.org\/{rel}","templated":true}]}}