{"id":8171,"date":"2025-11-22T14:49:25","date_gmt":"2025-11-22T14:49:25","guid":{"rendered":"https:\/\/natation.ch\/product\/fastskin-hyper-elite-schwimmbrille\/"},"modified":"2025-11-22T14:49:25","modified_gmt":"2025-11-22T14:49:25","slug":"fastskin-hyper-elite-schwimmbrille","status":"publish","type":"product","link":"https:\/\/natation.ch\/de\/produkt\/fastskin-hyper-elite-schwimmbrille\/","title":{"rendered":"Fastskin Hyper Elite Schwimmbrille"},"content":{"rendered":"","protected":false},"excerpt":{"rendered":"<p>Speedo<\/p>\n<p>Die einzigartige, extra flache, hygroskopische Linse bietet ein verbessertes peripheres Sichtfeld von 180 Grad, Passmarkierungen und IQ Fit-Technologie f\u00fcr pr\u00e4zise Passform und Anpassung. Enth\u00e4lt drei verschiedene Nasenbr\u00fcckengr\u00f6\u00dfen S\/M\/L f\u00fcr einen sicheren und individuellen Sitz. IQfit: Einzigartige 3D-Brillendichtung, die sich perfekt an die Augenkontur anpasst und keine Undichtigkeiten aufweist. UV-Schutz, Anti-Beschlag-Beschichtung<\/p>\n","protected":false},"featured_media":124,"comment_status":"closed","ping_status":"closed","template":"","meta":[],"product_brand":[330],"product_cat":[73,76],"product_tag":[],"class_list":{"0":"post-8171","1":"product","2":"type-product","3":"status-publish","4":"has-post-thumbnail","6":"product_brand-speedo","7":"product_cat-equipment","8":"product_cat-schwimbrille","10":"first","11":"instock","12":"sale","13":"shipping-taxable","14":"purchasable","15":"product-type-simple"},"_links":{"self":[{"href":"https:\/\/natation.ch\/de\/wp-json\/wp\/v2\/product\/8171","targetHints":{"allow":["GET"]}}],"collection":[{"href":"https:\/\/natation.ch\/de\/wp-json\/wp\/v2\/product"}],"about":[{"href":"https:\/\/natation.ch\/de\/wp-json\/wp\/v2\/types\/product"}],"replies":[{"embeddable":true,"href":"https:\/\/natation.ch\/de\/wp-json\/wp\/v2\/comments?post=8171"}],"wp:featuredmedia":[{"embeddable":true,"href":"https:\/\/natation.ch\/de\/wp-json\/wp\/v2\/media\/124"}],"wp:attachment":[{"href":"https:\/\/natation.ch\/de\/wp-json\/wp\/v2\/media?parent=8171"}],"wp:term":[{"taxonomy":"product_brand","embeddable":true,"href":"https:\/\/natation.ch\/de\/wp-json\/wp\/v2\/product_brand?post=8171"},{"taxonomy":"product_cat","embeddable":true,"href":"https:\/\/natation.ch\/de\/wp-json\/wp\/v2\/product_cat?post=8171"},{"taxonomy":"product_tag","embeddable":true,"href":"https:\/\/natation.ch\/de\/wp-json\/wp\/v2\/product_tag?post=8171"}],"curies":[{"name":"wp","href":"https:\/\/api.w.org\/{rel}","templated":true}]}}