{"id":8144,"date":"2025-11-22T14:49:25","date_gmt":"2025-11-22T14:49:25","guid":{"rendered":"https:\/\/natation.ch\/product\/dryland-cord\/"},"modified":"2026-01-04T20:41:19","modified_gmt":"2026-01-04T20:41:19","slug":"dryland-cord","status":"publish","type":"product","link":"https:\/\/natation.ch\/de\/produkt\/dryland-cord\/","title":{"rendered":"Dryland Cord"},"content":{"rendered":"","protected":false},"excerpt":{"rendered":"<p>Die Dryland Cords sind aus strapazierf\u00e4higem Gummischlauch und komfortablen Griffen gefertigt. Die Dryland Cords werden an einem Ankerpunkt befestigt und simulieren Schwimmbewegungen au\u00dferhalb des Wassers, um Kraft und Bewegungsfreiheit zu verbessern. Die Dryland Cords sind f\u00fcr Schwimmer jeden Alters und K\u00f6nnens geeignet und in drei verschiedenen Widerstandsst\u00e4rken erh\u00e4ltlich. Die Dryland Cords bieten Trainingsm\u00f6glichkeiten au\u00dferhalb der Saison und zur Rehabilitation.<\/p>\n<p>Finis<\/p>\n","protected":false},"featured_media":2478,"comment_status":"closed","ping_status":"closed","template":"","meta":[],"product_brand":[327],"product_cat":[83,73],"product_tag":[],"class_list":{"0":"post-8144","1":"product","2":"type-product","3":"status-publish","4":"has-post-thumbnail","6":"product_brand-finis","7":"product_cat-andere-ausruestung","8":"product_cat-equipment","10":"first","11":"instock","12":"sale","13":"shipping-taxable","14":"purchasable","15":"product-type-variable"},"_links":{"self":[{"href":"https:\/\/natation.ch\/de\/wp-json\/wp\/v2\/product\/8144","targetHints":{"allow":["GET"]}}],"collection":[{"href":"https:\/\/natation.ch\/de\/wp-json\/wp\/v2\/product"}],"about":[{"href":"https:\/\/natation.ch\/de\/wp-json\/wp\/v2\/types\/product"}],"replies":[{"embeddable":true,"href":"https:\/\/natation.ch\/de\/wp-json\/wp\/v2\/comments?post=8144"}],"wp:featuredmedia":[{"embeddable":true,"href":"https:\/\/natation.ch\/de\/wp-json\/wp\/v2\/media\/2478"}],"wp:attachment":[{"href":"https:\/\/natation.ch\/de\/wp-json\/wp\/v2\/media?parent=8144"}],"wp:term":[{"taxonomy":"product_brand","embeddable":true,"href":"https:\/\/natation.ch\/de\/wp-json\/wp\/v2\/product_brand?post=8144"},{"taxonomy":"product_cat","embeddable":true,"href":"https:\/\/natation.ch\/de\/wp-json\/wp\/v2\/product_cat?post=8144"},{"taxonomy":"product_tag","embeddable":true,"href":"https:\/\/natation.ch\/de\/wp-json\/wp\/v2\/product_tag?post=8144"}],"curies":[{"name":"wp","href":"https:\/\/api.w.org\/{rel}","templated":true}]}}