{"id":8132,"date":"2025-11-22T14:56:26","date_gmt":"2025-11-22T14:56:26","guid":{"rendered":"https:\/\/natation.ch\/product\/thermal-parka\/"},"modified":"2026-01-06T14:09:01","modified_gmt":"2026-01-06T14:09:01","slug":"thermal-parka","status":"publish","type":"product","link":"https:\/\/natation.ch\/de\/produkt\/thermal-parka\/","title":{"rendered":"Thermal Parka"},"content":{"rendered":"<p>Komfort<\/p>\n<p>Das kuschelige Innenmaterial speichert die K\u00f6rperw\u00e4rme f\u00fcr eine optimale W\u00e4rmeisolierung.<br \/>\nHochwertige Isolierung<\/p>\n<p>Das wasserdichte Obermaterial sch\u00fctzt vor Wind und Regen, sodass Sie warm und trocken trainieren k\u00f6nnen. Dar\u00fcber hinaus ist das Material sehr abriebfest, was die Haltbarkeit des Kleidungsst\u00fccks optimiert.<\/p>\n<p>Der Parka verf\u00fcgt \u00fcber zwei Au\u00dfentaschen mit wasserdichten Rei\u00dfverschl\u00fcssen und eine Innentasche, um Ihre Ausr\u00fcstung zu sch\u00fctzen und griffbereit zu haben.<\/p>\n","protected":false},"excerpt":{"rendered":"<p>Dieser wasserdichte, wadenlange Parka mit integriertem Fleecefutter h\u00e4lt Sie vor und nach dem Training und Wettkampf bei kaltem Wetter warm. Sein winddichtes Obermaterial h\u00e4lt kalte Luft ab, und das Fleecefutter optimiert die W\u00e4rmespeicherung.<\/p>\n<p>Orca<\/p>\n","protected":false},"featured_media":1704,"comment_status":"closed","ping_status":"closed","template":"","meta":[],"product_brand":[331],"product_cat":[68,58],"product_tag":[],"class_list":{"0":"post-8132","1":"product","2":"type-product","3":"status-publish","4":"has-post-thumbnail","6":"product_brand-orca","7":"product_cat-andere-zubehoerartikel","8":"product_cat-zubehor","10":"first","11":"instock","12":"shipping-taxable","13":"purchasable","14":"product-type-variable"},"_links":{"self":[{"href":"https:\/\/natation.ch\/de\/wp-json\/wp\/v2\/product\/8132","targetHints":{"allow":["GET"]}}],"collection":[{"href":"https:\/\/natation.ch\/de\/wp-json\/wp\/v2\/product"}],"about":[{"href":"https:\/\/natation.ch\/de\/wp-json\/wp\/v2\/types\/product"}],"replies":[{"embeddable":true,"href":"https:\/\/natation.ch\/de\/wp-json\/wp\/v2\/comments?post=8132"}],"wp:featuredmedia":[{"embeddable":true,"href":"https:\/\/natation.ch\/de\/wp-json\/wp\/v2\/media\/1704"}],"wp:attachment":[{"href":"https:\/\/natation.ch\/de\/wp-json\/wp\/v2\/media?parent=8132"}],"wp:term":[{"taxonomy":"product_brand","embeddable":true,"href":"https:\/\/natation.ch\/de\/wp-json\/wp\/v2\/product_brand?post=8132"},{"taxonomy":"product_cat","embeddable":true,"href":"https:\/\/natation.ch\/de\/wp-json\/wp\/v2\/product_cat?post=8132"},{"taxonomy":"product_tag","embeddable":true,"href":"https:\/\/natation.ch\/de\/wp-json\/wp\/v2\/product_tag?post=8132"}],"curies":[{"name":"wp","href":"https:\/\/api.w.org\/{rel}","templated":true}]}}