{"id":8104,"date":"2025-11-22T14:49:25","date_gmt":"2025-11-22T14:49:25","guid":{"rendered":"https:\/\/natation.ch\/product\/neopren-headband\/"},"modified":"2025-11-22T14:49:25","modified_gmt":"2025-11-22T14:49:25","slug":"neopren-headband","status":"publish","type":"product","link":"https:\/\/natation.ch\/de\/produkt\/neopren-headband\/","title":{"rendered":"Neopren Headband"},"content":{"rendered":"<p>Orca<br \/>\nUnser Neopren-Stirnband ist das perfekte Accessoire, um Ihre Ohren und Stirn vor den Elementen zu sch\u00fctzen, damit Sie l\u00e4nger warm bleiben. Hergestellt aus 2,5 mm Neopren mit einem gebogenen Randdesign zur vollst\u00e4ndigen Abdeckung der Ohren. Ein Klettverschluss auf der R\u00fcckseite des Stirnbandes erm\u00f6glicht die Anpassung f\u00fcr die perfekte Passform.<\/p>\n","protected":false},"excerpt":{"rendered":"<p>Orca Unser Neopren-Stirnband ist das perfekte Accessoire, um Ihre Ohren und Stirn vor den Elementen zu sch\u00fctzen, damit Sie l\u00e4nger warm bleiben. Hergestellt aus 2,5 mm Neopren mit einem gebogenen Randdesign zur vollst\u00e4ndigen Abdeckung der Ohren. Ein Klettverschluss auf der R\u00fcckseite des Stirnbandes erm\u00f6glicht die Anpassung f\u00fcr die perfekte Passform.<\/p>\n","protected":false},"featured_media":152,"comment_status":"closed","ping_status":"closed","template":"","meta":[],"product_brand":[331],"product_cat":[64,58],"product_tag":[],"class_list":{"0":"post-8104","1":"product","2":"type-product","3":"status-publish","4":"has-post-thumbnail","6":"product_brand-orca","7":"product_cat-kappen","8":"product_cat-zubehor","10":"first","11":"instock","12":"shipping-taxable","13":"purchasable","14":"product-type-simple"},"_links":{"self":[{"href":"https:\/\/natation.ch\/de\/wp-json\/wp\/v2\/product\/8104","targetHints":{"allow":["GET"]}}],"collection":[{"href":"https:\/\/natation.ch\/de\/wp-json\/wp\/v2\/product"}],"about":[{"href":"https:\/\/natation.ch\/de\/wp-json\/wp\/v2\/types\/product"}],"replies":[{"embeddable":true,"href":"https:\/\/natation.ch\/de\/wp-json\/wp\/v2\/comments?post=8104"}],"wp:featuredmedia":[{"embeddable":true,"href":"https:\/\/natation.ch\/de\/wp-json\/wp\/v2\/media\/152"}],"wp:attachment":[{"href":"https:\/\/natation.ch\/de\/wp-json\/wp\/v2\/media?parent=8104"}],"wp:term":[{"taxonomy":"product_brand","embeddable":true,"href":"https:\/\/natation.ch\/de\/wp-json\/wp\/v2\/product_brand?post=8104"},{"taxonomy":"product_cat","embeddable":true,"href":"https:\/\/natation.ch\/de\/wp-json\/wp\/v2\/product_cat?post=8104"},{"taxonomy":"product_tag","embeddable":true,"href":"https:\/\/natation.ch\/de\/wp-json\/wp\/v2\/product_tag?post=8104"}],"curies":[{"name":"wp","href":"https:\/\/api.w.org\/{rel}","templated":true}]}}