{"id":8101,"date":"2025-11-22T14:56:39","date_gmt":"2025-11-22T14:56:39","guid":{"rendered":"https:\/\/natation.ch\/product\/fusion-air-titanium-mirror\/"},"modified":"2025-11-22T14:56:39","modified_gmt":"2025-11-22T14:56:39","slug":"fusion-air-titanium-mirror","status":"publish","type":"product","link":"https:\/\/natation.ch\/de\/produkt\/fusion-air-titanium-mirror\/","title":{"rendered":"Fusion Air Titanium Mirror"},"content":{"rendered":"<p>Technologie:<\/p>\n<p>Curved Lens Technolocy (Clt):<br \/>\n&#8211; Bietet dem Schwimmer eine 180\u00b0-Grad-Rundumsicht und kristallklare Sicht. Ideal zum Schwimmen in einer Menschenmenge oder mit anderen in Ihrer Bahn.<\/p>\n<p>Anti-Beschlag:<br \/>\n&#8211; Fogbuster bietet zus\u00e4tzliche Feuchtigkeitskontrolle f\u00fcr klare Sicht und ein stressfreies Schwimmen.<\/p>\n<p>UV-Schutz:<br \/>\n&#8211; Zoggs integriert UV-Schutz als Standardfunktion in alle Schwimmbrillen. Neben unserem Standard-UV360 haben wir den maximalen UV400-Schutz eingef\u00fchrt, der 99 % &#8211; 100 % der sch\u00e4dlichen UV-Strahlen der Sonne blockiert, um sicherzustellen, dass das Schwimmen so sicher wie angenehm ist.<\/p>\n<p>Luftpolster:<br \/>\n&#8211; Luftgef\u00fcllte Dichtungen aus hochwertigem Silikon bieten eine \u201egepolsterte\u201c Abdichtung, die eine \u201efast nicht vorhandene\u201c Passform mit deutlich reduzierten Abdr\u00fccken um das Auge herum bietet.<\/p>\n<p>Silikon:<br \/>\n&#8211; Schafft eine langanhaltende, personalisierte Abdichtung um Ihre Augen f\u00fcr eine einzigartige, auslaufsichere Passform. Entwickelt, um eine gleichm\u00e4\u00dfige Druckverteilung \u00fcber Ihr Gesicht zu gew\u00e4hrleisten. Silikon hypoallergen, um Hautirritationen zu vermeiden und phthalatfrei.<\/p>\n<p>Doppelband:<br \/>\n&#8211; Unsere Doppelband-Kopfriemen verf\u00fcgen au\u00dferdem \u00fcber ein einfaches Verstellsystem aus hochwertigem Silikon f\u00fcr Komfort und Haltbarkeit.<\/p>\n","protected":false},"excerpt":{"rendered":"<p>Ideal f\u00fcr Umgebungen mit hoher Lichtintensit\u00e4t<\/p>\n","protected":false},"featured_media":1746,"comment_status":"closed","ping_status":"closed","template":"","meta":[],"product_brand":[558],"product_cat":[73,76],"product_tag":[],"class_list":{"0":"post-8101","1":"product","2":"type-product","3":"status-publish","4":"has-post-thumbnail","6":"product_brand-zoggs","7":"product_cat-equipment","8":"product_cat-schwimbrille","10":"first","11":"instock","12":"sale","13":"shipping-taxable","14":"purchasable","15":"product-type-variable"},"_links":{"self":[{"href":"https:\/\/natation.ch\/de\/wp-json\/wp\/v2\/product\/8101","targetHints":{"allow":["GET"]}}],"collection":[{"href":"https:\/\/natation.ch\/de\/wp-json\/wp\/v2\/product"}],"about":[{"href":"https:\/\/natation.ch\/de\/wp-json\/wp\/v2\/types\/product"}],"replies":[{"embeddable":true,"href":"https:\/\/natation.ch\/de\/wp-json\/wp\/v2\/comments?post=8101"}],"wp:featuredmedia":[{"embeddable":true,"href":"https:\/\/natation.ch\/de\/wp-json\/wp\/v2\/media\/1746"}],"wp:attachment":[{"href":"https:\/\/natation.ch\/de\/wp-json\/wp\/v2\/media?parent=8101"}],"wp:term":[{"taxonomy":"product_brand","embeddable":true,"href":"https:\/\/natation.ch\/de\/wp-json\/wp\/v2\/product_brand?post=8101"},{"taxonomy":"product_cat","embeddable":true,"href":"https:\/\/natation.ch\/de\/wp-json\/wp\/v2\/product_cat?post=8101"},{"taxonomy":"product_tag","embeddable":true,"href":"https:\/\/natation.ch\/de\/wp-json\/wp\/v2\/product_tag?post=8101"}],"curies":[{"name":"wp","href":"https:\/\/api.w.org\/{rel}","templated":true}]}}