{"id":7704,"date":"2025-12-05T17:43:39","date_gmt":"2025-12-05T17:43:39","guid":{"rendered":"https:\/\/natation.ch\/product\/biofuse-2-0-navy-hyper-orange\/"},"modified":"2025-12-05T17:43:39","modified_gmt":"2025-12-05T17:43:39","slug":"biofuse-2-0-navy-hyper-orange","status":"publish","type":"product","link":"https:\/\/natation.ch\/de\/produkt\/biofuse-2-0-navy-hyper-orange\/","title":{"rendered":"Biofuse 2.0 Navy Hyper Orange"},"content":{"rendered":"<ul>\n<li>Nach wie vor mit unserer meistverkauften Speedo Biofuse\u00ae Technologie f\u00fcr flexiblen Komfort beim Schwimmen.<\/li>\n<li>Superweiche Dichtungen mit einem neuen Rillendesign, die den gleichen meistverkauften Sitz bieten.<\/li>\n<li>Neues flexibles und starkes internes Rahmendesign, das sich dehnt und anpasst f\u00fcr einen superengen Sitz und \u00fcberragende Stabilit\u00e4t bietet.<\/li>\n<li>Neu \u00fcberarbeitete Linsenform bietet exzellente periphere Sicht.<\/li>\n<li>Brandneuer, zum Patent angemeldeter Schnappverschluss-Mechanismus f\u00fcr eine schnelle und sichere Anpassung.<\/li>\n<li>Stylisches, flaches Band mit griffigen Elementen f\u00fcr einen sicheren und bequemen Sitz.<\/li>\n<li>Eine Anti-Beschlag-Beschichtung gew\u00e4hrleistet klare Sicht.<\/li>\n<li>Ultimativer UV-Schutz mit Polycarbonat-Gl\u00e4sern mit UV-40 Schutz.<\/li>\n<\/ul>\n","protected":false},"excerpt":{"rendered":"<p>Unsere Biofuse Schwimmbrille ist jetzt noch besser. Wir stellen vor: Biofuse 2.0. Unsere neue Schwimmbrille verf\u00fcgt \u00fcber unsere meistverkaufte Speedo Biofuse\u00ae Technologie, die Komfort und Passform auf die n\u00e4chste Stufe hebt, mit einem brandneuen, zum Patent angemeldeten Schnappverschluss-Mechanismus und superweichen Dichtungen mit einem neuen Rillendesign. Alles, was Sie an Biofuse lieben \u2013 jetzt noch besser.<\/p>\n","protected":false},"featured_media":7701,"comment_status":"open","ping_status":"closed","template":"","meta":[],"product_brand":[330],"product_cat":[76],"product_tag":[],"class_list":{"0":"post-7704","1":"product","2":"type-product","3":"status-publish","4":"has-post-thumbnail","6":"product_brand-speedo","7":"product_cat-schwimbrille","9":"first","10":"instock","11":"shipping-taxable","12":"purchasable","13":"product-type-simple"},"_links":{"self":[{"href":"https:\/\/natation.ch\/de\/wp-json\/wp\/v2\/product\/7704","targetHints":{"allow":["GET"]}}],"collection":[{"href":"https:\/\/natation.ch\/de\/wp-json\/wp\/v2\/product"}],"about":[{"href":"https:\/\/natation.ch\/de\/wp-json\/wp\/v2\/types\/product"}],"replies":[{"embeddable":true,"href":"https:\/\/natation.ch\/de\/wp-json\/wp\/v2\/comments?post=7704"}],"wp:featuredmedia":[{"embeddable":true,"href":"https:\/\/natation.ch\/de\/wp-json\/wp\/v2\/media\/7701"}],"wp:attachment":[{"href":"https:\/\/natation.ch\/de\/wp-json\/wp\/v2\/media?parent=7704"}],"wp:term":[{"taxonomy":"product_brand","embeddable":true,"href":"https:\/\/natation.ch\/de\/wp-json\/wp\/v2\/product_brand?post=7704"},{"taxonomy":"product_cat","embeddable":true,"href":"https:\/\/natation.ch\/de\/wp-json\/wp\/v2\/product_cat?post=7704"},{"taxonomy":"product_tag","embeddable":true,"href":"https:\/\/natation.ch\/de\/wp-json\/wp\/v2\/product_tag?post=7704"}],"curies":[{"name":"wp","href":"https:\/\/api.w.org\/{rel}","templated":true}]}}