{"id":7656,"date":"2025-11-22T15:09:21","date_gmt":"2025-11-22T15:09:21","guid":{"rendered":"https:\/\/natation.ch\/product\/neopren-jammer\/"},"modified":"2025-11-22T15:09:21","modified_gmt":"2025-11-22T15:09:21","slug":"neopren-jammer","status":"publish","type":"product","link":"https:\/\/natation.ch\/de\/produkt\/neopren-jammer\/","title":{"rendered":"Neopren Jammer"},"content":{"rendered":"<p>Mit dem Neopren Jammer erreichen Sie maximalen Auftrieb, ohne Ihren Schwimmstil zu beeintr\u00e4chtigen. Heben Sie Ihre Beine an und halten Sie sie beim Schwimmen gerade, um den Oberk\u00f6rper zu st\u00e4rken und die ideale Schwimmposition einzunehmen. Ein Schritt nach vorn zur Verbesserung Ihrer Technik und Leistung im Wasser.<\/p>\n","protected":false},"excerpt":{"rendered":"<p>Orca<\/p>\n<p>Mit den 3\/4 Neoprenshorts erreichen Sie maximalen Auftrieb, ohne Ihren Schwimmstil zu beeintr\u00e4chtigen. Heben Sie Ihre Beine an und halten Sie sie beim Schwimmen gerade, um den Oberk\u00f6rper zu st\u00e4rken und die ideale Schwimmposition einzunehmen. Ein Schritt nach vorn zur Verbesserung Ihrer Technik und Leistung im Wasser.<\/p>\n","protected":false},"featured_media":1982,"comment_status":"closed","ping_status":"closed","template":"","meta":[],"product_brand":[331],"product_cat":[104,116],"product_tag":[],"class_list":{"0":"post-7656","1":"product","2":"type-product","3":"status-publish","4":"has-post-thumbnail","6":"product_brand-orca","7":"product_cat-badeanzuege","8":"product_cat-manner","10":"first","11":"instock","12":"shipping-taxable","13":"purchasable","14":"product-type-variable"},"_links":{"self":[{"href":"https:\/\/natation.ch\/de\/wp-json\/wp\/v2\/product\/7656","targetHints":{"allow":["GET"]}}],"collection":[{"href":"https:\/\/natation.ch\/de\/wp-json\/wp\/v2\/product"}],"about":[{"href":"https:\/\/natation.ch\/de\/wp-json\/wp\/v2\/types\/product"}],"replies":[{"embeddable":true,"href":"https:\/\/natation.ch\/de\/wp-json\/wp\/v2\/comments?post=7656"}],"wp:featuredmedia":[{"embeddable":true,"href":"https:\/\/natation.ch\/de\/wp-json\/wp\/v2\/media\/1982"}],"wp:attachment":[{"href":"https:\/\/natation.ch\/de\/wp-json\/wp\/v2\/media?parent=7656"}],"wp:term":[{"taxonomy":"product_brand","embeddable":true,"href":"https:\/\/natation.ch\/de\/wp-json\/wp\/v2\/product_brand?post=7656"},{"taxonomy":"product_cat","embeddable":true,"href":"https:\/\/natation.ch\/de\/wp-json\/wp\/v2\/product_cat?post=7656"},{"taxonomy":"product_tag","embeddable":true,"href":"https:\/\/natation.ch\/de\/wp-json\/wp\/v2\/product_tag?post=7656"}],"curies":[{"name":"wp","href":"https:\/\/api.w.org\/{rel}","templated":true}]}}