{"id":7575,"date":"2025-11-22T15:10:38","date_gmt":"2025-11-22T15:10:38","guid":{"rendered":"https:\/\/natation.ch\/product\/killa-comfort-schwimmbrille\/"},"modified":"2026-01-05T21:10:15","modified_gmt":"2026-01-05T21:10:15","slug":"killa-comfort-schwimmbrille","status":"publish","type":"product","link":"https:\/\/natation.ch\/de\/produkt\/killa-comfort-schwimmbrille\/","title":{"rendered":"Killa Comfort Schwimmbrille"},"content":{"rendered":"<p>Perfekter Sitz<\/p>\n<p>Die ergonomische dreidimensionale Abdichtung passt sich Ihrem Gesicht an, sorgt f\u00fcr eine bessere Abdichtung und reduziert den Druck um die Augen.<br \/>\nSchnelle Anpassung<\/p>\n<p>Das Clip-Verschlusssystem der Schnalle erm\u00f6glicht eine schnelle und einfache Anpassung des Silikonbands.<br \/>\nAnti-Beschlag<\/p>\n<p>Die exklusive, langanhaltende ANTI-FOG-Beschichtung verhindert Beschlagen und sorgt jederzeit f\u00fcr klare Sicht.<\/p>\n","protected":false},"excerpt":{"rendered":"<p>Killa Comfort sind ergonomische Schwimmbrillen, perfekt f\u00fcr eine Vielzahl von Einsatzbereichen. Entwickelt mit einem weichen, angenehmen und komfortablen Silikon, haften sie sehr gut an der Augenkontur, ohne \u00fcberm\u00e4\u00dfig zu dr\u00fccken. Zudem geben Ihnen ihre optimale Passform und das weite Sichtfeld die n\u00f6tige Sicherheit f\u00fcr das Freiwasserschwimmen. Die verschiedenen verf\u00fcgbaren Gl\u00e4ser machen sie \u00e4u\u00dferst vielseitig f\u00fcr alle Wetterbedingungen.<\/p>\n<p>Orca<\/p>\n","protected":false},"featured_media":2136,"comment_status":"closed","ping_status":"closed","template":"","meta":[],"product_brand":[331],"product_cat":[73,76],"product_tag":[],"class_list":{"0":"post-7575","1":"product","2":"type-product","3":"status-publish","4":"has-post-thumbnail","6":"product_brand-orca","7":"product_cat-equipment","8":"product_cat-schwimbrille","10":"first","11":"instock","12":"shipping-taxable","13":"purchasable","14":"product-type-variable"},"_links":{"self":[{"href":"https:\/\/natation.ch\/de\/wp-json\/wp\/v2\/product\/7575","targetHints":{"allow":["GET"]}}],"collection":[{"href":"https:\/\/natation.ch\/de\/wp-json\/wp\/v2\/product"}],"about":[{"href":"https:\/\/natation.ch\/de\/wp-json\/wp\/v2\/types\/product"}],"replies":[{"embeddable":true,"href":"https:\/\/natation.ch\/de\/wp-json\/wp\/v2\/comments?post=7575"}],"wp:featuredmedia":[{"embeddable":true,"href":"https:\/\/natation.ch\/de\/wp-json\/wp\/v2\/media\/2136"}],"wp:attachment":[{"href":"https:\/\/natation.ch\/de\/wp-json\/wp\/v2\/media?parent=7575"}],"wp:term":[{"taxonomy":"product_brand","embeddable":true,"href":"https:\/\/natation.ch\/de\/wp-json\/wp\/v2\/product_brand?post=7575"},{"taxonomy":"product_cat","embeddable":true,"href":"https:\/\/natation.ch\/de\/wp-json\/wp\/v2\/product_cat?post=7575"},{"taxonomy":"product_tag","embeddable":true,"href":"https:\/\/natation.ch\/de\/wp-json\/wp\/v2\/product_tag?post=7575"}],"curies":[{"name":"wp","href":"https:\/\/api.w.org\/{rel}","templated":true}]}}