{"id":7529,"date":"2025-11-22T15:10:54","date_gmt":"2025-11-22T15:10:54","guid":{"rendered":"https:\/\/natation.ch\/product\/killa-180\/"},"modified":"2026-01-05T21:09:04","modified_gmt":"2026-01-05T21:09:04","slug":"killa-180","status":"publish","type":"product","link":"https:\/\/natation.ch\/de\/produkt\/killa-180\/","title":{"rendered":"Killa 180"},"content":{"rendered":"<p>Die Killa 180\u00ba Schwimmbrille ist leistungsstark, vielseitig und ergonomisch, was Ihren Komfort und Ihre Geschwindigkeit im Wasser verbessert. Sie bietet au\u00dfergew\u00f6hnliche optische Klarheit und ist somit sowohl f\u00fcr Wettk\u00e4mpfe als auch f\u00fcr das Training geeignet. Mit einer Auswahl an verschiedenen Gl\u00e4sern funktioniert sie bei allen Wetterbedingungen gleicherma\u00dfen gut. Ein zus\u00e4tzlicher Vorteil ist das Silikonband, das schnell und einfach verstellbar ist und Ihnen die n\u00f6tige Sicherheit gibt.<\/p>\n","protected":false},"excerpt":{"rendered":"<table style=\"border-collapse: collapse; width: 5px; height: 5px;\" border=\"0\" width=\"90\" cellspacing=\"0\" cellpadding=\"0\">\n<tbody>\n<tr style=\"height: 15.6pt;\">\n<td style=\"height: 15.6pt; width: 67pt;\" width=\"90\" height=\"21\"><\/td>\n<\/tr>\n<\/tbody>\n<\/table>\n<p>Vielseitige, ergonomische Schwimmbrille.<\/p>\n<p>Orca.<\/p>\n","protected":false},"featured_media":2186,"comment_status":"closed","ping_status":"closed","template":"","meta":[],"product_brand":[331],"product_cat":[73,76],"product_tag":[],"class_list":{"0":"post-7529","1":"product","2":"type-product","3":"status-publish","4":"has-post-thumbnail","6":"product_brand-orca","7":"product_cat-equipment","8":"product_cat-schwimbrille","10":"first","11":"instock","12":"shipping-taxable","13":"purchasable","14":"product-type-variable"},"_links":{"self":[{"href":"https:\/\/natation.ch\/de\/wp-json\/wp\/v2\/product\/7529","targetHints":{"allow":["GET"]}}],"collection":[{"href":"https:\/\/natation.ch\/de\/wp-json\/wp\/v2\/product"}],"about":[{"href":"https:\/\/natation.ch\/de\/wp-json\/wp\/v2\/types\/product"}],"replies":[{"embeddable":true,"href":"https:\/\/natation.ch\/de\/wp-json\/wp\/v2\/comments?post=7529"}],"wp:featuredmedia":[{"embeddable":true,"href":"https:\/\/natation.ch\/de\/wp-json\/wp\/v2\/media\/2186"}],"wp:attachment":[{"href":"https:\/\/natation.ch\/de\/wp-json\/wp\/v2\/media?parent=7529"}],"wp:term":[{"taxonomy":"product_brand","embeddable":true,"href":"https:\/\/natation.ch\/de\/wp-json\/wp\/v2\/product_brand?post=7529"},{"taxonomy":"product_cat","embeddable":true,"href":"https:\/\/natation.ch\/de\/wp-json\/wp\/v2\/product_cat?post=7529"},{"taxonomy":"product_tag","embeddable":true,"href":"https:\/\/natation.ch\/de\/wp-json\/wp\/v2\/product_tag?post=7529"}],"curies":[{"name":"wp","href":"https:\/\/api.w.org\/{rel}","templated":true}]}}