{"id":7495,"date":"2025-11-22T14:55:42","date_gmt":"2025-11-22T14:55:42","guid":{"rendered":"https:\/\/natation.ch\/product\/stability-snorkel\/"},"modified":"2026-01-02T20:01:26","modified_gmt":"2026-01-02T20:01:26","slug":"stability-snorkel","status":"publish","type":"product","link":"https:\/\/natation.ch\/de\/produkt\/stability-snorkel\/","title":{"rendered":"Stability Snorkel"},"content":{"rendered":"<div id=\"product-details-features\" class=\"product-details-information-tab-content-container tb-container-col collapse in\" data-type=\"information-content-text\">\n<div class=\"product-details-information-tab-content-container-main\">\n<div class=\"fab-left\">\n<div class=\"col-sm-12\">\n<ul>\n<li><b>KEINE KOPFST\u00dcTZE:<\/b> Das vereinfachte Design ist bequem und stabil<\/li>\n<li><b>VERSTELLBARES MUNDST\u00dcCK:<\/b> F\u00fcnf verstellbare Positionen f\u00fcr eine individuelle Passform<\/li>\n<li><b>EINFACHE EINSTELLUNG:<\/b> Kopfbanddesign \u00e4hnlich einem Schwimmbrillenband<\/li>\n<li><b>SILIKON-MUNDST\u00dcCK:<\/b> L\u00e4sst sich bei Nichtgebrauch vom Mund wegdrehen<\/li>\n<li><b>DYNAMISCHE FORM:<\/b> Erleichtert das Ausblasen des Wassers aus dem Rohr<\/li>\n<\/ul>\n<\/div>\n<\/div>\n<\/div>\n<\/div>\n","protected":false},"excerpt":{"rendered":"<p>Entwickelt f\u00fcr jeden Schwimmer. Durch das Entfernen der Kopfhalterung und das Hinzuf\u00fcgen einer gepolsterten Ruhefl\u00e4che an ihrer Stelle k\u00f6nnen Schwimmer mit diesem Schnorchel \u00fcber l\u00e4ngere Zeitr\u00e4ume ohne Beschwerden trainieren. Das Schwimmen mit einem Schnorchel macht es \u00fcberfl\u00fcssig, den Kopf zum Atmen zu drehen, sodass sich Schwimmer auf Technik und K\u00f6rperhaltung konzentrieren k\u00f6nnen.<\/p>\n<p>Finis<\/p>\n","protected":false},"featured_media":1500,"comment_status":"closed","ping_status":"closed","template":"","meta":[],"product_brand":[327],"product_cat":[73,91],"product_tag":[],"class_list":{"0":"post-7495","1":"product","2":"type-product","3":"status-publish","4":"has-post-thumbnail","6":"product_brand-finis","7":"product_cat-equipment","8":"product_cat-snorkel","10":"first","11":"instock","12":"shipping-taxable","13":"purchasable","14":"product-type-variable"},"_links":{"self":[{"href":"https:\/\/natation.ch\/de\/wp-json\/wp\/v2\/product\/7495","targetHints":{"allow":["GET"]}}],"collection":[{"href":"https:\/\/natation.ch\/de\/wp-json\/wp\/v2\/product"}],"about":[{"href":"https:\/\/natation.ch\/de\/wp-json\/wp\/v2\/types\/product"}],"replies":[{"embeddable":true,"href":"https:\/\/natation.ch\/de\/wp-json\/wp\/v2\/comments?post=7495"}],"wp:featuredmedia":[{"embeddable":true,"href":"https:\/\/natation.ch\/de\/wp-json\/wp\/v2\/media\/1500"}],"wp:attachment":[{"href":"https:\/\/natation.ch\/de\/wp-json\/wp\/v2\/media?parent=7495"}],"wp:term":[{"taxonomy":"product_brand","embeddable":true,"href":"https:\/\/natation.ch\/de\/wp-json\/wp\/v2\/product_brand?post=7495"},{"taxonomy":"product_cat","embeddable":true,"href":"https:\/\/natation.ch\/de\/wp-json\/wp\/v2\/product_cat?post=7495"},{"taxonomy":"product_tag","embeddable":true,"href":"https:\/\/natation.ch\/de\/wp-json\/wp\/v2\/product_tag?post=7495"}],"curies":[{"name":"wp","href":"https:\/\/api.w.org\/{rel}","templated":true}]}}