{"id":7441,"date":"2025-11-22T15:10:55","date_gmt":"2025-11-22T15:10:55","guid":{"rendered":"https:\/\/natation.ch\/product\/foil-monofin\/"},"modified":"2026-01-02T19:53:51","modified_gmt":"2026-01-02T19:53:51","slug":"foil-monofin","status":"publish","type":"product","link":"https:\/\/natation.ch\/de\/produkt\/foil-monofin\/","title":{"rendered":"Foil Monoflosse"},"content":{"rendered":"<div id=\"product-details-features\" class=\"product-details-information-tab-content-container tb-container-col collapse in\" data-type=\"information-content-text\">\n<div class=\"product-details-information-tab-content-container-main\">\n<div class=\"fab-left\">\n<div class=\"col-sm-12\">\n<ul>\n<li><b>DELPHIN-KICK-TRAINING:<\/b> F\u00f6rdert die Entwicklung der wellenartigen Foil-K\u00f6rperbewegung und des kraftvollen Delphin-Kicks<\/li>\n<li><b>MEHR KRAFT UND FLEXIBILIT\u00c4T:<\/b> Die gro\u00dfe Oberfl\u00e4che beansprucht Rumpf- und Beinmuskulatur st\u00e4rker als Standardflossen; die offene Ferse erh\u00f6ht die Bewegungsfreiheit<\/li>\n<li><b>TECHNIK-KAN\u00c4LE:<\/b> Kontrollieren Sie den Flex der Flosse und f\u00f6rdern Sie die richtige Wellenbewegung<\/li>\n<li><b>BEQUEM UND SICHER:<\/b> Passt f\u00fcr eine Vielzahl von Fu\u00dfgr\u00f6\u00dfen und erm\u00f6glicht einen sicheren Sitz; der offene Zehenbereich sorgt f\u00fcr einen besonders bequemen Sitz<\/li>\n<li><b>WEICHE MONOFLOSSE:<\/b> Das Gummiblatt erm\u00f6glicht es Schwimmern, sicher in einer Bahn mit mehreren Personen zu schwimmen<\/li>\n<\/ul>\n<\/div>\n<\/div>\n<\/div>\n<\/div>\n","protected":false},"excerpt":{"rendered":"<p><span class=\"s1\">Die Foil Monoflosse lehrt die Ganzk\u00f6rperbewegung, die von Trainer Bob Gillett entwickelt und popul\u00e4r gemacht wurde. Die Ganzk\u00f6rperbewegung nutzt<\/span> den gesamten K\u00f6rper, um einen kraftvollen und wellenartigen Delphin-Kick durch das Wasser zu erzeugen. Die Foil Monoflosse f\u00f6rdert eine gleichm\u00e4\u00dfige Nutzung von Auf- und Abw\u00e4rtsbewegungen f\u00fcr den Vortrieb w\u00e4hrend der gesamten Delphin-Kick-Bewegung und erh\u00f6ht so die Rumpf- und Beinkraft. Naturkautschuk sorgt f\u00fcr einen sicheren und bequemen Sitz.  <\/p>\n<p>Gr\u00f6\u00dfen<\/p>\n<p>XS 35-37<\/p>\n<p>S 38-40<\/p>\n<p>M 41-43<\/p>\n<p>L 44-46<\/p>\n<p>XL 47-49<\/p>\n<p>finis<\/p>\n","protected":false},"featured_media":2254,"comment_status":"closed","ping_status":"closed","template":"","meta":[],"product_brand":[327],"product_cat":[73,334],"product_tag":[],"class_list":{"0":"post-7441","1":"product","2":"type-product","3":"status-publish","4":"has-post-thumbnail","6":"product_brand-finis","7":"product_cat-equipment","8":"product_cat-flossen","10":"first","11":"instock","12":"shipping-taxable","13":"purchasable","14":"product-type-variable"},"_links":{"self":[{"href":"https:\/\/natation.ch\/de\/wp-json\/wp\/v2\/product\/7441","targetHints":{"allow":["GET"]}}],"collection":[{"href":"https:\/\/natation.ch\/de\/wp-json\/wp\/v2\/product"}],"about":[{"href":"https:\/\/natation.ch\/de\/wp-json\/wp\/v2\/types\/product"}],"replies":[{"embeddable":true,"href":"https:\/\/natation.ch\/de\/wp-json\/wp\/v2\/comments?post=7441"}],"wp:featuredmedia":[{"embeddable":true,"href":"https:\/\/natation.ch\/de\/wp-json\/wp\/v2\/media\/2254"}],"wp:attachment":[{"href":"https:\/\/natation.ch\/de\/wp-json\/wp\/v2\/media?parent=7441"}],"wp:term":[{"taxonomy":"product_brand","embeddable":true,"href":"https:\/\/natation.ch\/de\/wp-json\/wp\/v2\/product_brand?post=7441"},{"taxonomy":"product_cat","embeddable":true,"href":"https:\/\/natation.ch\/de\/wp-json\/wp\/v2\/product_cat?post=7441"},{"taxonomy":"product_tag","embeddable":true,"href":"https:\/\/natation.ch\/de\/wp-json\/wp\/v2\/product_tag?post=7441"}],"curies":[{"name":"wp","href":"https:\/\/api.w.org\/{rel}","templated":true}]}}