{"id":7365,"date":"2025-11-22T15:11:18","date_gmt":"2025-11-22T15:11:18","guid":{"rendered":"https:\/\/natation.ch\/product\/centre-snorkel-flame-blue\/"},"modified":"2026-01-06T15:17:38","modified_gmt":"2026-01-06T15:17:38","slug":"centre-snorkel-flame-blue","status":"publish","type":"product","link":"https:\/\/natation.ch\/de\/produkt\/centre-snorkel-flame-blue\/","title":{"rendered":"Zentralschnorchel Flame Blue"},"content":{"rendered":"<p id=\"js-description\" class=\"txt-base descripcion-length\"><span id=\"desc\">Eigenschaften:<\/span><\/p>\n<p>&#8211; Ideal zum \u00dcben der nach unten gerichteten Kopfposition, die f\u00fcr Schmetterling und Freistil erforderlich ist<br \/>\n&#8211; Geeignet zur Verwendung mit einer Maske oder Schwimmbrille<br \/>\n&#8211; Speed Fit-Kopfband f\u00fcr eine schnelle und einfache Anpassung<br \/>\n&#8211; Lebendiges, mehrfarbiges Muster, um sich von der Masse abzuheben<\/p>\n<p>Spezifikationen:<\/p>\n<p>&#8211; Material: Polycarbonat\/TPE\/Silikon<\/p>\n","protected":false},"excerpt":{"rendered":"<p><span id=\"desc\">Fallen Sie beim Vereinstraining mit dem gemusterten Zentralschnorchel auf. Der Zentralschnorchel ist ideal f\u00fcr Technik\u00fcbungen, da Sie zum Atmen Ihren Kopf nicht drehen m\u00fcssen, sodass Sie sich auf Ihre Technik und K\u00f6rperhaltung konzentrieren k\u00f6nnen. Der Schnorchel ist ideal f\u00fcr Freistil- und Schmetterlingsschwimmer, die ihre nach unten gerichtete Kopfposition perfektionieren m\u00f6chten. Er kann mit einer Schwimmbrille oder Maske verwendet werden und verf\u00fcgt \u00fcber ein Speed Fit-Kopfband f\u00fcr eine schnelle und einfache Anpassung.<\/span><\/p>\n<p>Speedo<\/p>\n<p>&nbsp;<\/p>\n","protected":false},"featured_media":2364,"comment_status":"closed","ping_status":"closed","template":"","meta":[],"product_brand":[330],"product_cat":[73,338,91],"product_tag":[],"class_list":{"0":"post-7365","1":"product","2":"type-product","3":"status-publish","4":"has-post-thumbnail","6":"product_brand-speedo","7":"product_cat-equipment","8":"product_cat-sales","9":"product_cat-snorkel","11":"first","12":"instock","13":"sale","14":"shipping-taxable","15":"purchasable","16":"product-type-simple"},"_links":{"self":[{"href":"https:\/\/natation.ch\/de\/wp-json\/wp\/v2\/product\/7365","targetHints":{"allow":["GET"]}}],"collection":[{"href":"https:\/\/natation.ch\/de\/wp-json\/wp\/v2\/product"}],"about":[{"href":"https:\/\/natation.ch\/de\/wp-json\/wp\/v2\/types\/product"}],"replies":[{"embeddable":true,"href":"https:\/\/natation.ch\/de\/wp-json\/wp\/v2\/comments?post=7365"}],"wp:featuredmedia":[{"embeddable":true,"href":"https:\/\/natation.ch\/de\/wp-json\/wp\/v2\/media\/2364"}],"wp:attachment":[{"href":"https:\/\/natation.ch\/de\/wp-json\/wp\/v2\/media?parent=7365"}],"wp:term":[{"taxonomy":"product_brand","embeddable":true,"href":"https:\/\/natation.ch\/de\/wp-json\/wp\/v2\/product_brand?post=7365"},{"taxonomy":"product_cat","embeddable":true,"href":"https:\/\/natation.ch\/de\/wp-json\/wp\/v2\/product_cat?post=7365"},{"taxonomy":"product_tag","embeddable":true,"href":"https:\/\/natation.ch\/de\/wp-json\/wp\/v2\/product_tag?post=7365"}],"curies":[{"name":"wp","href":"https:\/\/api.w.org\/{rel}","templated":true}]}}