{"id":7233,"date":"2025-11-22T15:11:39","date_gmt":"2025-11-22T15:11:39","guid":{"rendered":"https:\/\/natation.ch\/product\/schwimmfallschirm\/"},"modified":"2025-11-22T15:11:39","modified_gmt":"2025-11-22T15:11:39","slug":"schwimmfallschirm","status":"publish","type":"product","link":"https:\/\/natation.ch\/de\/produkt\/schwimmfallschirm\/","title":{"rendered":"Schwimmfallschirm"},"content":{"rendered":"","protected":false},"excerpt":{"rendered":"<p>Der Finis Schwimmfallschirm 20 cm besteht aus einem komfortablen, verstellbaren H\u00fcftgurt aus Nylon, der mit einem Fallschirm verbunden ist. Dies bietet verschiedene Widerstandsstufen f\u00fcr das t\u00e4gliche Training. Krafttraining baut nachweislich Muskeln auf und steigert Ausdauer und Geschwindigkeit, wobei die Ergebnisse unmittelbar nach dem Entfernen des Fallschirms sp\u00fcrbar sind.<\/p>\n<p>&nbsp;<\/p>\n","protected":false},"featured_media":7225,"comment_status":"closed","ping_status":"closed","template":"","meta":[],"product_brand":[327],"product_cat":[83,73],"product_tag":[],"class_list":{"0":"post-7233","1":"product","2":"type-product","3":"status-publish","4":"has-post-thumbnail","6":"product_brand-finis","7":"product_cat-andere-ausruestung","8":"product_cat-equipment","10":"first","11":"instock","12":"shipping-taxable","13":"purchasable","14":"product-type-variable"},"_links":{"self":[{"href":"https:\/\/natation.ch\/de\/wp-json\/wp\/v2\/product\/7233","targetHints":{"allow":["GET"]}}],"collection":[{"href":"https:\/\/natation.ch\/de\/wp-json\/wp\/v2\/product"}],"about":[{"href":"https:\/\/natation.ch\/de\/wp-json\/wp\/v2\/types\/product"}],"replies":[{"embeddable":true,"href":"https:\/\/natation.ch\/de\/wp-json\/wp\/v2\/comments?post=7233"}],"wp:featuredmedia":[{"embeddable":true,"href":"https:\/\/natation.ch\/de\/wp-json\/wp\/v2\/media\/7225"}],"wp:attachment":[{"href":"https:\/\/natation.ch\/de\/wp-json\/wp\/v2\/media?parent=7233"}],"wp:term":[{"taxonomy":"product_brand","embeddable":true,"href":"https:\/\/natation.ch\/de\/wp-json\/wp\/v2\/product_brand?post=7233"},{"taxonomy":"product_cat","embeddable":true,"href":"https:\/\/natation.ch\/de\/wp-json\/wp\/v2\/product_cat?post=7233"},{"taxonomy":"product_tag","embeddable":true,"href":"https:\/\/natation.ch\/de\/wp-json\/wp\/v2\/product_tag?post=7233"}],"curies":[{"name":"wp","href":"https:\/\/api.w.org\/{rel}","templated":true}]}}